{"id":2240,"date":"2026-02-20T12:38:52","date_gmt":"2026-02-20T11:38:52","guid":{"rendered":"https:\/\/adrasa.itdo.dev\/sostenibilidad\/vertido-cero\/"},"modified":"2026-04-10T10:32:45","modified_gmt":"2026-04-10T08:32:45","slug":"vertido-cero","status":"publish","type":"page","link":"https:\/\/adrasa.itdo.dev\/es\/sostenibilidad\/vertido-cero\/","title":{"rendered":"Filosof\u00eda de vertido cero"},"content":{"rendered":"\t\t<div data-elementor-type=\"wp-page\" data-elementor-id=\"2240\" class=\"elementor elementor-2240 elementor-1003\" data-elementor-post-type=\"page\">\n\t\t\t\t<div class=\"elementor-element elementor-element-30fad87f adrasa-sustainability-hero-section e-flex e-con-boxed e-con e-parent\" data-id=\"30fad87f\" data-element_type=\"container\" data-settings=\"{&quot;background_background&quot;:&quot;classic&quot;}\">\n\t\t\t\t\t<div class=\"e-con-inner\">\n\t\t\t\t<div class=\"elementor-element elementor-element-4dec6e46 elementor-widget__width-initial adrasa-sustainability-hero elementor-widget elementor-widget-adrasa-hero\" data-id=\"4dec6e46\" data-element_type=\"widget\" data-widget_type=\"adrasa-hero.default\">\n\t\t\t\t<div class=\"elementor-widget-container\">\n\t\t\t\t\t\t\t<section class=\"adrasa-hero adrasa-hero--aside-cta\">\n\t\t\t<div class=\"container\">\n\t\t\t\t<div class=\"adrasa-hero__grid\">\n\t\t\t\t\t<div class=\"adrasa-hero__block adrasa-hero__block--top\">\n\n\t\t\t\t\t\t\n\t\t\t\t\t\t\t\n\t\t\t\t\t\t\t\t\t\t\t\t\t\t\t<p class=\"adrasa-hero__kicker\">FILOSOF\u00cdA DE VERTIDO CERO<\/p>\n\t\t\t\t\t\t\t\n\t\t\t\t\t\t\t\t\t<h1 class=\"adrasa-hero__title adrasa-hero__title--stacked\">\n\t\t\t\t\t\t\t<span class=\"adrasa-hero__title-line\">La responsabilidad del agua empieza en el laboratorio<\/span>\n\t\t\t\t\t\t<\/h1>\n\t\t\n\t\t\t\t\t\t\t\n\t\t\t\t\t\t\t<div class=\"adrasa-hero__desc-cta-row\">\n\t\t\t\t\t\t\t\t\t\t\t\t\t\t\t\t\t<div class=\"adrasa-hero__desc-block\"><p>La filosof\u00eda de vertido cero de ADRASA va m\u00e1s all\u00e1 del cumplimiento normativo: es un compromiso para reducir la contaminaci\u00f3n del agua, mejorar la eficiencia de los procesos y proteger los ecosistemas en toda la cadena de valor textil.<br \/><br \/>Desde la formulaci\u00f3n hasta las aguas residuales, dise\u00f1amos una qu\u00edmica que respeta los recursos naturales y cumple los est\u00e1ndares ambientales m\u00e1s exigentes.<\/p><\/div>\n\t\t\t\t\t\t\t\t\n\t\t\t\t\t\t\t\t<div class=\"adrasa-hero__aside-ctas\">\n\t\t\t\t\t\t\t\t\t\t\t<div class=\"adrasa-hero__buttons\" aria-label=\"Calls to action\">\n\t\t\t\t\t\t\t\t\t\t\t<a href=\"#industries\"\n\t\t\t\t\tclass=\"adrasa-hero__btn adrasa-hero__btn--primary\">\n\t\t\t\t\t<span class=\"adrasa-hero__btn-text\">Explora nuestra filosof\u00eda<\/span>\n\n\t\t\t\t\t\t\t\t\t\t\t<span class=\"adrasa-hero__btn-icon\" aria-hidden=\"true\">\n\t\t\t\t\t\t\t<img decoding=\"async\" src=\"https:\/\/adrasa.itdo.dev\/wp-content\/uploads\/2026\/02\/arrow-up-right-white.svg\" alt=\"\" \/>\n\t\t\t\t\t\t<\/span>\n\t\t\t\t\t\t\t\t\t<\/a>\n\t\t\t\t\t<\/div>\n\t\t\t\t\t\t\t\t\t\t<\/div>\n\t\t\t\t\t\t\t<\/div>\n\n\t\t\t\t\t\t\t\n\t\t\t\t\t\t\n\t\t\t\t\t<\/div>\n\n\t\t\t\t\t<div class=\"adrasa-hero__block adrasa-hero__block--bottom\"><\/div>\n\t\t\t\t<\/div>\n\t\t\t<\/div>\n\t\t<\/section>\n\t\t\t\t\t\t<\/div>\n\t\t\t\t<\/div>\n\t\t\t\t<div class=\"elementor-element elementor-element-30e72a9a adrasa-sustainability-grid elementor-widget elementor-widget-adrasa-grid\" data-id=\"30e72a9a\" data-element_type=\"widget\" data-widget_type=\"adrasa-grid.default\">\n\t\t\t\t<div class=\"elementor-widget-container\">\n\t\t\t\t\t    <div id=\"adrasa-grid-30e72a9a\" class=\"adrasa-grid adrasa-grid--vertical adrasa-grid--vcols-3\" style=\"--adrasa-vcols:3; --adrasa-card-bg: url(https:\/\/adrasa.itdo.dev\/wp-content\/uploads\/2026\/02\/certification-card-bg.png); --adrasa-hover-bg: url(https:\/\/adrasa.itdo.dev\/wp-content\/uploads\/2026\/02\/certification-card-bg-hover.png);\" data-adrasa-count=\"3\">\n      <div class=\"adrasa-grid__wrap\" data-adrasa-wrap>\n        <div class=\"adrasa-grid__items\" data-adrasa-track>\n                          <article class=\"adrasa-vcard\" data-adrasa-slide>\n              <div class=\"adrasa-vcard__badge\">01<\/div>\n      \n              <span class=\"adrasa-vcard__x\" aria-hidden=\"true\">\n          <img decoding=\"async\" src=\"https:\/\/adrasa.itdo.dev\/wp-content\/uploads\/2026\/01\/why.svg\" alt=\"\" \/>\n        <\/span>\n      \n      <div class=\"adrasa-vcard__content\">\n                  <h3 class=\"adrasa-vcard__title\">\n            Gesti\u00f3n responsable del agua          <\/h3>\n        \n                  <p class=\"adrasa-vcard__subtitle\">Cada gota cuenta.<\/p>\n        \n                  <div class=\"adrasa-vcard__text\"><p>ADRASA implementa sistemas avanzados y buenas pr\u00e1cticas para minimizar el uso de agua y garantizar que los efluentes tratados cumplan o superen los requisitos normativos.<br \/><br \/>Nuestro objetivo es avanzar hacia sistemas de circuito cerrado que reduzcan dr\u00e1sticamente la generaci\u00f3n de aguas residuales y mejoren la reutilizaci\u00f3n del agua.<\/p><\/div>\n        \n                  <a class=\"adrasa-vcard__link\" href=\"#\">\n            <span class=\"adrasa-vcard__link-label\">\n              M\u00e1s informaci\u00f3n sobre nuestras iniciativas h\u00eddricas            <\/span>\n                          <span class=\"adrasa-vcard__link-icon\" aria-hidden=\"true\">\n                <img decoding=\"async\" class=\"adrasa-vcard__link-icon-img adrasa-vcard__link-icon-img--default\" src=\"https:\/\/adrasa.itdo.dev\/wp-content\/uploads\/2025\/12\/arrow-cta.svg\" alt=\"\" \/>\n                              <\/span>\n                      <\/a>\n              <\/div>\n    <\/article>\n                              <article class=\"adrasa-vcard\" data-adrasa-slide>\n              <div class=\"adrasa-vcard__badge\">02<\/div>\n      \n              <span class=\"adrasa-vcard__x\" aria-hidden=\"true\">\n          <img decoding=\"async\" src=\"https:\/\/adrasa.itdo.dev\/wp-content\/uploads\/2026\/01\/why.svg\" alt=\"\" \/>\n        <\/span>\n      \n      <div class=\"adrasa-vcard__content\">\n                  <h3 class=\"adrasa-vcard__title\">\n            Qu\u00edmica limpia, vertido limpio          <\/h3>\n        \n                  <p class=\"adrasa-vcard__subtitle\">La qu\u00edmica detr\u00e1s de la sostenibilidad.<\/p>\n        \n                  <div class=\"adrasa-vcard__text\"><p>Todas las formulaciones de ADRASA est\u00e1n dise\u00f1adas para ser de bajo impacto y cumplir los requisitos de ZDHC Nivel 3, garantizando que lo que sale de la f\u00e1brica sea tan seguro como lo que entra.<br \/><br \/>A trav\u00e9s de ensayos rigurosos y transparencia de datos, ayudamos a los fabricantes a lograr reducciones medibles en la demanda qu\u00edmica de ox\u00edgeno (DQO) y en los s\u00f3lidos en suspensi\u00f3n totales (SST).<\/p><\/div>\n        \n                  <a class=\"adrasa-vcard__link\" href=\"#\">\n            <span class=\"adrasa-vcard__link-label\">\n              Descubre ZDHC Nivel 3            <\/span>\n                          <span class=\"adrasa-vcard__link-icon\" aria-hidden=\"true\">\n                <img decoding=\"async\" class=\"adrasa-vcard__link-icon-img adrasa-vcard__link-icon-img--default\" src=\"https:\/\/adrasa.itdo.dev\/wp-content\/uploads\/2025\/12\/arrow-cta.svg\" alt=\"\" \/>\n                              <\/span>\n                      <\/a>\n              <\/div>\n    <\/article>\n                              <article class=\"adrasa-vcard\" data-adrasa-slide>\n              <div class=\"adrasa-vcard__badge\">03<\/div>\n      \n              <span class=\"adrasa-vcard__x\" aria-hidden=\"true\">\n          <img decoding=\"async\" src=\"https:\/\/adrasa.itdo.dev\/wp-content\/uploads\/2026\/01\/why.svg\" alt=\"\" \/>\n        <\/span>\n      \n      <div class=\"adrasa-vcard__content\">\n                  <h3 class=\"adrasa-vcard__title\">\n            Optimizaci\u00f3n del proceso para reducir el impacto ambiental          <\/h3>\n        \n                  <p class=\"adrasa-vcard__subtitle\">La sostenibilidad empieza por la eficiencia.<\/p>\n        \n                  <div class=\"adrasa-vcard__text\"><p>Al integrar nuestros sistemas qu\u00edmicos, como ACF, NED y FSC, las plantas pueden reducir el consumo de agua, energ\u00eda y auxiliares, mejorando la consistencia del te\u00f1ido y minimizando al mismo tiempo los residuos.<br \/><br \/>Estas innovaciones demuestran que el rendimiento y la responsabilidad pueden coexistir.<\/p><\/div>\n        \n                  <a class=\"adrasa-vcard__link\" href=\"#\">\n            <span class=\"adrasa-vcard__link-label\">\n              Explora sistemas sostenibles            <\/span>\n                          <span class=\"adrasa-vcard__link-icon\" aria-hidden=\"true\">\n                <img decoding=\"async\" class=\"adrasa-vcard__link-icon-img adrasa-vcard__link-icon-img--default\" src=\"https:\/\/adrasa.itdo.dev\/wp-content\/uploads\/2025\/12\/arrow-cta.svg\" alt=\"\" \/>\n                              <\/span>\n                      <\/a>\n              <\/div>\n    <\/article>\n                      <\/div>\n\n                  <div class=\"adrasa-grid__mobile-nav\" data-adrasa-grid-nav aria-label=\"Navegaci\u00f3n del carrusel\">\n            <button type=\"button\" class=\"adrasa-grid__nav-btn adrasa-grid__nav-btn--prev\" data-adrasa-nav-prev aria-label=\"Anterior\">\n              <svg width=\"44\" height=\"44\" viewBox=\"0 0 44 44\" fill=\"none\" xmlns=\"http:\/\/www.w3.org\/2000\/svg\" style=\"transform:rotate(180deg)\"><path d=\"M16 10L28 22L16 34\" stroke=\"currentColor\" stroke-width=\"3\" stroke-linecap=\"round\" stroke-linejoin=\"round\"\/><\/svg>            <\/button>\n\n            <div class=\"adrasa-grid__dots\" data-adrasa-dots aria-hidden=\"false\"><\/div>\n\n            <button type=\"button\" class=\"adrasa-grid__nav-btn adrasa-grid__nav-btn--next\" data-adrasa-nav-next aria-label=\"Siguiente\">\n              <svg width=\"44\" height=\"44\" viewBox=\"0 0 44 44\" fill=\"none\" xmlns=\"http:\/\/www.w3.org\/2000\/svg\" style=\"transform:rotate(0deg)\"><path d=\"M16 10L28 22L16 34\" stroke=\"currentColor\" stroke-width=\"3\" stroke-linecap=\"round\" stroke-linejoin=\"round\"\/><\/svg>            <\/button>\n          <\/div>\n        \n        \n      <\/div>\n    <\/div>\n    \t\t\t\t<\/div>\n\t\t\t\t<\/div>\n\t\t\t\t\t<\/div>\n\t\t\t\t<\/div>\n\t\t<div class=\"elementor-element elementor-element-592d7558 adrasa-pre-footer-section adrasa-sustainability-pre-footer-section e-flex e-con-boxed e-con e-parent\" data-id=\"592d7558\" data-element_type=\"container\" data-settings=\"{&quot;background_background&quot;:&quot;classic&quot;}\">\n\t\t\t\t\t<div class=\"e-con-inner\">\n\t\t\t\t<div class=\"elementor-element elementor-element-7369d86e adrasa-pre-footer-hero adrasa-sustainability-pre-footer-hero elementor-widget elementor-widget-adrasa-hero\" data-id=\"7369d86e\" data-element_type=\"widget\" data-widget_type=\"adrasa-hero.default\">\n\t\t\t\t<div class=\"elementor-widget-container\">\n\t\t\t\t\t\t\t<section class=\"adrasa-hero adrasa-hero--center\">\n\t\t\t<div class=\"container\">\n\t\t\t\t<div class=\"adrasa-hero__grid\">\n\t\t\t\t\t<div class=\"adrasa-hero__block adrasa-hero__block--top\">\n\n\t\t\t\t\t\t\n\t\t\t\t\t\t\t\t\t<h2 class=\"adrasa-hero__title adrasa-hero__title--stacked\">\n\t\t\t\t\t\t\t<span class=\"adrasa-hero__title-line\">Mejora continua<\/span>\n\t\t\t\t\t\t<\/h2>\n\t\t\n\t\t\t\t\t\t\t\n\t\t\t\t\t\t\t\t\t\t\t\t\t\t\t<div class=\"adrasa-hero__desc-block\"><p><strong>El vertido cero es un camino, no un destino.<\/strong><br \/><br \/>El equipo de I+D de ADRASA sigue colaborando con socios e instituciones para impulsar tecnolog\u00edas de tratamiento de aguas residuales y optimizar formulaciones qu\u00edmicas en t\u00e9rminos de biodegradabilidad y seguridad.<\/p><\/div>\n\t\t\t\t\t\t\t\n\t\t\t\t\t\t\t\t\t\t\t\t\t\t\t\t<div class=\"adrasa-hero__buttons\" aria-label=\"Calls to action\">\n\t\t\t\t\t\t\t\t\t\t\t<a href=\"#contact\"\n\t\t\t\t\tclass=\"adrasa-hero__btn adrasa-hero__btn--tertiary\">\n\t\t\t\t\t<span class=\"adrasa-hero__btn-text\">M\u00e1s informaci\u00f3n sobre nuestro compromiso con la I+D<\/span>\n\n\t\t\t\t\t\t\t\t\t\t\t<span class=\"adrasa-hero__btn-icon\" aria-hidden=\"true\">\n\t\t\t\t\t\t\t<img decoding=\"async\" src=\"https:\/\/adrasa.itdo.dev\/wp-content\/uploads\/2026\/01\/arrow-up-right-white.svg\" alt=\"\" \/>\n\t\t\t\t\t\t<\/span>\n\t\t\t\t\t\t\t\t\t<\/a>\n\t\t\t\t\t<\/div>\n\t\t\n\t\t\t\t\t\t\n\t\t\t\t\t<\/div>\n\n\t\t\t\t\t<div class=\"adrasa-hero__block adrasa-hero__block--bottom\"><\/div>\n\t\t\t\t<\/div>\n\t\t\t<\/div>\n\t\t<\/section>\n\t\t\t\t\t\t<\/div>\n\t\t\t\t<\/div>\n\t\t\t\t\t<\/div>\n\t\t\t\t<\/div>\n\t\t\t\t<\/div>\n\t\t","protected":false},"excerpt":{"rendered":"","protected":false},"author":0,"featured_media":0,"parent":2237,"menu_order":0,"comment_status":"closed","ping_status":"closed","template":"elementor_header_footer","meta":{"_acf_changed":false,"footnotes":""},"class_list":["post-2240","page","type-page","status-publish","hentry"],"acf":[],"yoast_head":"<!-- This site is optimized with the Yoast SEO plugin v26.5 - https:\/\/yoast.com\/wordpress\/plugins\/seo\/ -->\n<title>Filosof\u00eda de vertido cero - ADRASA - Assessors Del Ram d&#039;Aigua, S.A.<\/title>\n<meta name=\"description\" content=\"Filosof\u00eda de vertido cero. La responsabilidad del agua empieza en el laboratorio. ADRASA reduce la contaminaci\u00f3n del agua, mejora la eficiencia de proceso y protege los ecosistemas en toda la cadena de valor textil.\" \/>\n<meta name=\"robots\" content=\"noindex, follow, max-snippet:-1, max-image-preview:large, max-video-preview:-1\" \/>\n<meta property=\"og:locale\" content=\"es_ES\" \/>\n<meta property=\"og:type\" content=\"article\" \/>\n<meta property=\"og:title\" content=\"Filosof\u00eda de vertido cero - ADRASA - Assessors Del Ram d&#039;Aigua, S.A.\" \/>\n<meta property=\"og:description\" content=\"Filosof\u00eda de vertido cero. La responsabilidad del agua empieza en el laboratorio. ADRASA reduce la contaminaci\u00f3n del agua, mejora la eficiencia de proceso y protege los ecosistemas en toda la cadena de valor textil.\" \/>\n<meta property=\"og:url\" content=\"https:\/\/adrasa.itdo.dev\/es\/sostenibilidad\/vertido-cero\/\" \/>\n<meta property=\"og:site_name\" content=\"ADRASA - Assessors Del Ram d&#039;Aigua, S.A.\" \/>\n<meta property=\"article:modified_time\" content=\"2026-04-10T08:32:45+00:00\" \/>\n<meta name=\"twitter:card\" content=\"summary_large_image\" \/>\n<script type=\"application\/ld+json\" class=\"yoast-schema-graph\">{\"@context\":\"https:\/\/schema.org\",\"@graph\":[{\"@type\":\"WebPage\",\"@id\":\"https:\/\/adrasa.itdo.dev\/es\/sostenibilidad\/vertido-cero\/\",\"url\":\"https:\/\/adrasa.itdo.dev\/es\/sostenibilidad\/vertido-cero\/\",\"name\":\"Filosof\u00eda de vertido cero - ADRASA - Assessors Del Ram d&#039;Aigua, S.A.\",\"isPartOf\":{\"@id\":\"https:\/\/adrasa.itdo.dev\/es\/#website\"},\"datePublished\":\"2026-02-20T11:38:52+00:00\",\"dateModified\":\"2026-04-10T08:32:45+00:00\",\"description\":\"Filosof\u00eda de vertido cero. La responsabilidad del agua empieza en el laboratorio. ADRASA reduce la contaminaci\u00f3n del agua, mejora la eficiencia de proceso y protege los ecosistemas en toda la cadena de valor textil.\",\"breadcrumb\":{\"@id\":\"https:\/\/adrasa.itdo.dev\/es\/sostenibilidad\/vertido-cero\/#breadcrumb\"},\"inLanguage\":\"es\",\"potentialAction\":[{\"@type\":\"ReadAction\",\"target\":[\"https:\/\/adrasa.itdo.dev\/es\/sostenibilidad\/vertido-cero\/\"]}]},{\"@type\":\"BreadcrumbList\",\"@id\":\"https:\/\/adrasa.itdo.dev\/es\/sostenibilidad\/vertido-cero\/#breadcrumb\",\"itemListElement\":[{\"@type\":\"ListItem\",\"position\":1,\"name\":\"Portada\",\"item\":\"https:\/\/adrasa.itdo.dev\/es\/\"},{\"@type\":\"ListItem\",\"position\":2,\"name\":\"Sostenibilidad\",\"item\":\"https:\/\/adrasa.itdo.dev\/es\/sustainability\/\"},{\"@type\":\"ListItem\",\"position\":3,\"name\":\"Filosof\u00eda de vertido cero\"}]},{\"@type\":\"WebSite\",\"@id\":\"https:\/\/adrasa.itdo.dev\/es\/#website\",\"url\":\"https:\/\/adrasa.itdo.dev\/es\/\",\"name\":\"ADRASA - Assessors Del Ram d&#039;Aigua, S.A.\",\"description\":\" Sustainable textile finishing, from lab to scale\",\"publisher\":{\"@id\":\"https:\/\/adrasa.itdo.dev\/es\/#organization\"},\"potentialAction\":[{\"@type\":\"SearchAction\",\"target\":{\"@type\":\"EntryPoint\",\"urlTemplate\":\"https:\/\/adrasa.itdo.dev\/es\/?s={search_term_string}\"},\"query-input\":{\"@type\":\"PropertyValueSpecification\",\"valueRequired\":true,\"valueName\":\"search_term_string\"}}],\"inLanguage\":\"es\"},{\"@type\":\"Organization\",\"@id\":\"https:\/\/adrasa.itdo.dev\/es\/#organization\",\"name\":\"ADRASA - Assessors Del Ram d&#039;Aigua, S.A.\",\"url\":\"https:\/\/adrasa.itdo.dev\/es\/\",\"logo\":{\"@type\":\"ImageObject\",\"inLanguage\":\"es\",\"@id\":\"https:\/\/adrasa.itdo.dev\/es\/#\/schema\/logo\/image\/\",\"url\":\"https:\/\/adrasa.itdo.dev\/wp-content\/uploads\/2025\/12\/logo_ADRASA_claim.webp\",\"contentUrl\":\"https:\/\/adrasa.itdo.dev\/wp-content\/uploads\/2025\/12\/logo_ADRASA_claim.webp\",\"width\":578,\"height\":122,\"caption\":\"ADRASA - Assessors Del Ram d&#039;Aigua, S.A.\"},\"image\":{\"@id\":\"https:\/\/adrasa.itdo.dev\/es\/#\/schema\/logo\/image\/\"}}]}<\/script>\n<!-- \/ Yoast SEO plugin. -->","yoast_head_json":{"title":"Filosof\u00eda de vertido cero - ADRASA - Assessors Del Ram d&#039;Aigua, S.A.","description":"Filosof\u00eda de vertido cero. La responsabilidad del agua empieza en el laboratorio. ADRASA reduce la contaminaci\u00f3n del agua, mejora la eficiencia de proceso y protege los ecosistemas en toda la cadena de valor textil.","robots":{"index":"noindex","follow":"follow","max-snippet":"max-snippet:-1","max-image-preview":"max-image-preview:large","max-video-preview":"max-video-preview:-1"},"og_locale":"es_ES","og_type":"article","og_title":"Filosof\u00eda de vertido cero - ADRASA - Assessors Del Ram d&#039;Aigua, S.A.","og_description":"Filosof\u00eda de vertido cero. La responsabilidad del agua empieza en el laboratorio. ADRASA reduce la contaminaci\u00f3n del agua, mejora la eficiencia de proceso y protege los ecosistemas en toda la cadena de valor textil.","og_url":"https:\/\/adrasa.itdo.dev\/es\/sostenibilidad\/vertido-cero\/","og_site_name":"ADRASA - Assessors Del Ram d&#039;Aigua, S.A.","article_modified_time":"2026-04-10T08:32:45+00:00","twitter_card":"summary_large_image","schema":{"@context":"https:\/\/schema.org","@graph":[{"@type":"WebPage","@id":"https:\/\/adrasa.itdo.dev\/es\/sostenibilidad\/vertido-cero\/","url":"https:\/\/adrasa.itdo.dev\/es\/sostenibilidad\/vertido-cero\/","name":"Filosof\u00eda de vertido cero - ADRASA - Assessors Del Ram d&#039;Aigua, S.A.","isPartOf":{"@id":"https:\/\/adrasa.itdo.dev\/es\/#website"},"datePublished":"2026-02-20T11:38:52+00:00","dateModified":"2026-04-10T08:32:45+00:00","description":"Filosof\u00eda de vertido cero. La responsabilidad del agua empieza en el laboratorio. ADRASA reduce la contaminaci\u00f3n del agua, mejora la eficiencia de proceso y protege los ecosistemas en toda la cadena de valor textil.","breadcrumb":{"@id":"https:\/\/adrasa.itdo.dev\/es\/sostenibilidad\/vertido-cero\/#breadcrumb"},"inLanguage":"es","potentialAction":[{"@type":"ReadAction","target":["https:\/\/adrasa.itdo.dev\/es\/sostenibilidad\/vertido-cero\/"]}]},{"@type":"BreadcrumbList","@id":"https:\/\/adrasa.itdo.dev\/es\/sostenibilidad\/vertido-cero\/#breadcrumb","itemListElement":[{"@type":"ListItem","position":1,"name":"Portada","item":"https:\/\/adrasa.itdo.dev\/es\/"},{"@type":"ListItem","position":2,"name":"Sostenibilidad","item":"https:\/\/adrasa.itdo.dev\/es\/sustainability\/"},{"@type":"ListItem","position":3,"name":"Filosof\u00eda de vertido cero"}]},{"@type":"WebSite","@id":"https:\/\/adrasa.itdo.dev\/es\/#website","url":"https:\/\/adrasa.itdo.dev\/es\/","name":"ADRASA - Assessors Del Ram d&#039;Aigua, S.A.","description":" Sustainable textile finishing, from lab to scale","publisher":{"@id":"https:\/\/adrasa.itdo.dev\/es\/#organization"},"potentialAction":[{"@type":"SearchAction","target":{"@type":"EntryPoint","urlTemplate":"https:\/\/adrasa.itdo.dev\/es\/?s={search_term_string}"},"query-input":{"@type":"PropertyValueSpecification","valueRequired":true,"valueName":"search_term_string"}}],"inLanguage":"es"},{"@type":"Organization","@id":"https:\/\/adrasa.itdo.dev\/es\/#organization","name":"ADRASA - Assessors Del Ram d&#039;Aigua, S.A.","url":"https:\/\/adrasa.itdo.dev\/es\/","logo":{"@type":"ImageObject","inLanguage":"es","@id":"https:\/\/adrasa.itdo.dev\/es\/#\/schema\/logo\/image\/","url":"https:\/\/adrasa.itdo.dev\/wp-content\/uploads\/2025\/12\/logo_ADRASA_claim.webp","contentUrl":"https:\/\/adrasa.itdo.dev\/wp-content\/uploads\/2025\/12\/logo_ADRASA_claim.webp","width":578,"height":122,"caption":"ADRASA - Assessors Del Ram d&#039;Aigua, S.A."},"image":{"@id":"https:\/\/adrasa.itdo.dev\/es\/#\/schema\/logo\/image\/"}}]}},"_links":{"self":[{"href":"https:\/\/adrasa.itdo.dev\/es\/wp-json\/wp\/v2\/pages\/2240","targetHints":{"allow":["GET"]}}],"collection":[{"href":"https:\/\/adrasa.itdo.dev\/es\/wp-json\/wp\/v2\/pages"}],"about":[{"href":"https:\/\/adrasa.itdo.dev\/es\/wp-json\/wp\/v2\/types\/page"}],"replies":[{"embeddable":true,"href":"https:\/\/adrasa.itdo.dev\/es\/wp-json\/wp\/v2\/comments?post=2240"}],"version-history":[{"count":1,"href":"https:\/\/adrasa.itdo.dev\/es\/wp-json\/wp\/v2\/pages\/2240\/revisions"}],"predecessor-version":[{"id":2259,"href":"https:\/\/adrasa.itdo.dev\/es\/wp-json\/wp\/v2\/pages\/2240\/revisions\/2259"}],"up":[{"embeddable":true,"href":"https:\/\/adrasa.itdo.dev\/es\/wp-json\/wp\/v2\/pages\/2237"}],"wp:attachment":[{"href":"https:\/\/adrasa.itdo.dev\/es\/wp-json\/wp\/v2\/media?parent=2240"}],"curies":[{"name":"wp","href":"https:\/\/api.w.org\/{rel}","templated":true}]}}