{"id":2239,"date":"2026-02-20T13:58:11","date_gmt":"2026-02-20T12:58:11","guid":{"rendered":"https:\/\/adrasa.itdo.dev\/sostenibilidad\/quimica-responsable\/"},"modified":"2026-04-10T10:32:44","modified_gmt":"2026-04-10T08:32:44","slug":"quimica-responsable","status":"publish","type":"page","link":"https:\/\/adrasa.itdo.dev\/es\/sostenibilidad\/quimica-responsable\/","title":{"rendered":"Qu\u00edmica responsable, libre de PFAS"},"content":{"rendered":"\t\t<div data-elementor-type=\"wp-page\" data-elementor-id=\"2239\" class=\"elementor elementor-2239 elementor-1015\" data-elementor-post-type=\"page\">\n\t\t\t\t<div class=\"elementor-element elementor-element-26637485 adrasa-sustainability-hero-section e-flex e-con-boxed e-con e-parent\" data-id=\"26637485\" data-element_type=\"container\" data-settings=\"{&quot;background_background&quot;:&quot;classic&quot;}\">\n\t\t\t\t\t<div class=\"e-con-inner\">\n\t\t\t\t<div class=\"elementor-element elementor-element-11ab34b6 elementor-widget__width-initial adrasa-sustainability-hero elementor-widget elementor-widget-adrasa-hero\" data-id=\"11ab34b6\" data-element_type=\"widget\" data-widget_type=\"adrasa-hero.default\">\n\t\t\t\t<div class=\"elementor-widget-container\">\n\t\t\t\t\t\t\t<section class=\"adrasa-hero adrasa-hero--aside-cta\">\n\t\t\t<div class=\"container\">\n\t\t\t\t<div class=\"adrasa-hero__grid\">\n\t\t\t\t\t<div class=\"adrasa-hero__block adrasa-hero__block--top\">\n\n\t\t\t\t\t\t\n\t\t\t\t\t\t\t\n\t\t\t\t\t\t\t\t\t\t\t\t\t\t\t<p class=\"adrasa-hero__kicker\">QU\u00cdMICA RESPONSABLE, LIBRE DE PFAS<\/p>\n\t\t\t\t\t\t\t\n\t\t\t\t\t\t\t\t\t<h1 class=\"adrasa-hero__title adrasa-hero__title--stacked\">\n\t\t\t\t\t\t\t<span class=\"adrasa-hero__title-line\"><span class=\"adrasa-hero__title-italic\">Rendimiento<\/span> sin concesiones<\/span>\n\t\t\t\t\t\t<\/h1>\n\t\t\n\t\t\t\t\t\t\t\n\t\t\t\t\t\t\t<div class=\"adrasa-hero__desc-cta-row\">\n\t\t\t\t\t\t\t\t\t\t\t\t\t\t\t\t\t<div class=\"adrasa-hero__desc-block\"><p>El compromiso de ADRASA con la qu\u00edmica responsable implica desarrollar auxiliares y acabados textiles de alto rendimiento que sean seguros para las personas y el medio ambiente, sin utilizar PFAS.<\/p><p>Mediante innovaci\u00f3n y ensayos rigurosos, sustituimos los fluorqu\u00edmicos tradicionales por alternativas sostenibles y eficientes que cumplen tanto las exigencias de rendimiento como las de cumplimiento.<\/p><\/div>\n\t\t\t\t\t\t\t\t\n\t\t\t\t\t\t\t\t<div class=\"adrasa-hero__aside-ctas\">\n\t\t\t\t\t\t\t\t\t\t\t<div class=\"adrasa-hero__buttons\" aria-label=\"Calls to action\">\n\t\t\t\t\t\t\t\t\t\t\t<a href=\"#industries\"\n\t\t\t\t\tclass=\"adrasa-hero__btn adrasa-hero__btn--primary\">\n\t\t\t\t\t<span class=\"adrasa-hero__btn-text\">Explora la qu\u00edmica responsable<\/span>\n\n\t\t\t\t\t\t\t\t\t\t\t<span class=\"adrasa-hero__btn-icon\" aria-hidden=\"true\">\n\t\t\t\t\t\t\t<img decoding=\"async\" src=\"https:\/\/adrasa.itdo.dev\/wp-content\/uploads\/2026\/02\/arrow-up-right-white.svg\" alt=\"\" \/>\n\t\t\t\t\t\t<\/span>\n\t\t\t\t\t\t\t\t\t<\/a>\n\t\t\t\t\t<\/div>\n\t\t\t\t\t\t\t\t\t\t<\/div>\n\t\t\t\t\t\t\t<\/div>\n\n\t\t\t\t\t\t\t\n\t\t\t\t\t\t\n\t\t\t\t\t<\/div>\n\n\t\t\t\t\t<div class=\"adrasa-hero__block adrasa-hero__block--bottom\"><\/div>\n\t\t\t\t<\/div>\n\t\t\t<\/div>\n\t\t<\/section>\n\t\t\t\t\t\t<\/div>\n\t\t\t\t<\/div>\n\t\t\t\t<div class=\"elementor-element elementor-element-3f2e9a02 adrasa-sustainability-grid elementor-widget elementor-widget-adrasa-grid\" data-id=\"3f2e9a02\" data-element_type=\"widget\" data-widget_type=\"adrasa-grid.default\">\n\t\t\t\t<div class=\"elementor-widget-container\">\n\t\t\t\t\t    <div id=\"adrasa-grid-3f2e9a02\" class=\"adrasa-grid adrasa-grid--vertical adrasa-grid--vcols-3\" style=\"--adrasa-vcols:3; --adrasa-card-bg: url(https:\/\/adrasa.itdo.dev\/wp-content\/uploads\/2026\/02\/certification-card-bg.png); --adrasa-hover-bg: url(https:\/\/adrasa.itdo.dev\/wp-content\/uploads\/2026\/02\/certification-card-bg-hover.png);\" data-adrasa-count=\"3\">\n      <div class=\"adrasa-grid__wrap\" data-adrasa-wrap>\n        <div class=\"adrasa-grid__items\" data-adrasa-track>\n                          <article class=\"adrasa-vcard\" data-adrasa-slide>\n              <div class=\"adrasa-vcard__badge\">01<\/div>\n      \n              <span class=\"adrasa-vcard__x\" aria-hidden=\"true\">\n          <img decoding=\"async\" src=\"https:\/\/adrasa.itdo.dev\/wp-content\/uploads\/2026\/01\/why.svg\" alt=\"\" \/>\n        <\/span>\n      \n      <div class=\"adrasa-vcard__content\">\n                  <h3 class=\"adrasa-vcard__title\">\n            Innovaci\u00f3n libre de PFAS          <\/h3>\n        \n                  <p class=\"adrasa-vcard__subtitle\">El futuro del acabado es libre de fl\u00faor.<\/p>\n        \n                  <div class=\"adrasa-vcard__text\"><p>Las tecnolog\u00edas libres de PFAS de ADRASA, como Staincare+, aportan repelencia duradera y propiedades easy-clean sin comprometer la suavidad, la transpirabilidad ni el tacto del tejido.<\/p><p>Estas soluciones garantizan textiles m\u00e1s seguros para usuarios, trabajadores y medio ambiente.<\/p><\/div>\n        \n                  <a class=\"adrasa-vcard__link\" href=\"#\">\n            <span class=\"adrasa-vcard__link-label\">\n              M\u00e1s sobre Staincare+            <\/span>\n                          <span class=\"adrasa-vcard__link-icon\" aria-hidden=\"true\">\n                <img decoding=\"async\" class=\"adrasa-vcard__link-icon-img adrasa-vcard__link-icon-img--default\" src=\"https:\/\/adrasa.itdo.dev\/wp-content\/uploads\/2025\/12\/arrow-cta.svg\" alt=\"\" \/>\n                                  <img decoding=\"async\" class=\"adrasa-vcard__link-icon-img adrasa-vcard__link-icon-img--hover\" src=\"https:\/\/adrasa.itdo.dev\/wp-content\/uploads\/2026\/02\/arrow-up-right-white.svg\" alt=\"\" \/>\n                              <\/span>\n                      <\/a>\n              <\/div>\n    <\/article>\n                              <article class=\"adrasa-vcard\" data-adrasa-slide>\n              <div class=\"adrasa-vcard__badge\">02<\/div>\n      \n              <span class=\"adrasa-vcard__x\" aria-hidden=\"true\">\n          <img decoding=\"async\" src=\"https:\/\/adrasa.itdo.dev\/wp-content\/uploads\/2026\/01\/why.svg\" alt=\"\" \/>\n        <\/span>\n      \n      <div class=\"adrasa-vcard__content\">\n                  <h3 class=\"adrasa-vcard__title\">\n            Qu\u00edmica m\u00e1s segura por dise\u00f1o          <\/h3>\n        \n                  <p class=\"adrasa-vcard__subtitle\">La responsabilidad empieza en la formulaci\u00f3n.<\/p>\n        \n                  <div class=\"adrasa-vcard__text\"><p>Nuestros equipos de I+D dise\u00f1an auxiliares y acabados que minimizan la toxicidad y maximizan la biodegradabilidad, garantizando el pleno cumplimiento de los requisitos REACH y ZDHC MRSL.<\/p><p>Cada formulaci\u00f3n pasa por una validaci\u00f3n estricta para asegurar trazabilidad y un rendimiento constante.<\/p><\/div>\n        \n                  <a class=\"adrasa-vcard__link\" href=\"#\">\n            <span class=\"adrasa-vcard__link-label\">\n              Ver cumplimiento ZDHC y REACH            <\/span>\n                          <span class=\"adrasa-vcard__link-icon\" aria-hidden=\"true\">\n                <img decoding=\"async\" class=\"adrasa-vcard__link-icon-img adrasa-vcard__link-icon-img--default\" src=\"https:\/\/adrasa.itdo.dev\/wp-content\/uploads\/2025\/12\/arrow-cta.svg\" alt=\"\" \/>\n                                  <img decoding=\"async\" class=\"adrasa-vcard__link-icon-img adrasa-vcard__link-icon-img--hover\" src=\"https:\/\/adrasa.itdo.dev\/wp-content\/uploads\/2026\/02\/arrow-up-right-white.svg\" alt=\"\" \/>\n                              <\/span>\n                      <\/a>\n              <\/div>\n    <\/article>\n                              <article class=\"adrasa-vcard\" data-adrasa-slide>\n              <div class=\"adrasa-vcard__badge\">03<\/div>\n      \n              <span class=\"adrasa-vcard__x\" aria-hidden=\"true\">\n          <img decoding=\"async\" src=\"https:\/\/adrasa.itdo.dev\/wp-content\/uploads\/2026\/01\/why.svg\" alt=\"\" \/>\n        <\/span>\n      \n      <div class=\"adrasa-vcard__content\">\n                  <h3 class=\"adrasa-vcard__title\">\n            Investigaci\u00f3n para un futuro textil m\u00e1s limpio          <\/h3>\n        \n                  <p class=\"adrasa-vcard__subtitle\">Del laboratorio a la planta, la innovaci\u00f3n impulsa la transformaci\u00f3n.<\/p>\n        \n                  <div class=\"adrasa-vcard__text\"><p>ADRASA invierte de forma continua en I+D para desarrollar qu\u00edmicas de nueva generaci\u00f3n que combinan seguridad, rendimiento y principios de dise\u00f1o circular.<\/p><p>Entre ellas se incluyen sistemas que reducen el consumo de energ\u00eda y agua manteniendo los m\u00e1s altos est\u00e1ndares de calidad.<\/p><\/div>\n        \n                  <a class=\"adrasa-vcard__link\" href=\"#\">\n            <span class=\"adrasa-vcard__link-label\">\n              Descubre nuestro compromiso con la I+D            <\/span>\n                          <span class=\"adrasa-vcard__link-icon\" aria-hidden=\"true\">\n                <img decoding=\"async\" class=\"adrasa-vcard__link-icon-img adrasa-vcard__link-icon-img--default\" src=\"https:\/\/adrasa.itdo.dev\/wp-content\/uploads\/2025\/12\/arrow-cta.svg\" alt=\"\" \/>\n                                  <img decoding=\"async\" class=\"adrasa-vcard__link-icon-img adrasa-vcard__link-icon-img--hover\" src=\"https:\/\/adrasa.itdo.dev\/wp-content\/uploads\/2026\/02\/arrow-up-right-white.svg\" alt=\"\" \/>\n                              <\/span>\n                      <\/a>\n              <\/div>\n    <\/article>\n                      <\/div>\n\n                  <div class=\"adrasa-grid__mobile-nav\" data-adrasa-grid-nav aria-label=\"Navegaci\u00f3n del carrusel\">\n            <button type=\"button\" class=\"adrasa-grid__nav-btn adrasa-grid__nav-btn--prev\" data-adrasa-nav-prev aria-label=\"Anterior\">\n              <svg width=\"44\" height=\"44\" viewBox=\"0 0 44 44\" fill=\"none\" xmlns=\"http:\/\/www.w3.org\/2000\/svg\" style=\"transform:rotate(180deg)\"><path d=\"M16 10L28 22L16 34\" stroke=\"currentColor\" stroke-width=\"3\" stroke-linecap=\"round\" stroke-linejoin=\"round\"\/><\/svg>            <\/button>\n\n            <div class=\"adrasa-grid__dots\" data-adrasa-dots aria-hidden=\"false\"><\/div>\n\n            <button type=\"button\" class=\"adrasa-grid__nav-btn adrasa-grid__nav-btn--next\" data-adrasa-nav-next aria-label=\"Siguiente\">\n              <svg width=\"44\" height=\"44\" viewBox=\"0 0 44 44\" fill=\"none\" xmlns=\"http:\/\/www.w3.org\/2000\/svg\" style=\"transform:rotate(0deg)\"><path d=\"M16 10L28 22L16 34\" stroke=\"currentColor\" stroke-width=\"3\" stroke-linecap=\"round\" stroke-linejoin=\"round\"\/><\/svg>            <\/button>\n          <\/div>\n        \n        \n      <\/div>\n    <\/div>\n    \t\t\t\t<\/div>\n\t\t\t\t<\/div>\n\t\t\t\t\t<\/div>\n\t\t\t\t<\/div>\n\t\t<div class=\"elementor-element elementor-element-54c72320 adrasa-pre-footer-section adrasa-sustainability-pre-footer-section e-flex e-con-boxed e-con e-parent\" data-id=\"54c72320\" data-element_type=\"container\" data-settings=\"{&quot;background_background&quot;:&quot;classic&quot;}\">\n\t\t\t\t\t<div class=\"e-con-inner\">\n\t\t\t\t<div class=\"elementor-element elementor-element-6cc597dd adrasa-pre-footer-hero adrasa-sustainability-pre-footer-hero elementor-widget elementor-widget-adrasa-hero\" data-id=\"6cc597dd\" data-element_type=\"widget\" data-widget_type=\"adrasa-hero.default\">\n\t\t\t\t<div class=\"elementor-widget-container\">\n\t\t\t\t\t\t\t<section class=\"adrasa-hero adrasa-hero--center\">\n\t\t\t<div class=\"container\">\n\t\t\t\t<div class=\"adrasa-hero__grid\">\n\t\t\t\t\t<div class=\"adrasa-hero__block adrasa-hero__block--top\">\n\n\t\t\t\t\t\t\n\t\t\t\t\t\t\t\t\t<h2 class=\"adrasa-hero__title adrasa-hero__title--stacked\">\n\t\t\t\t\t\t\t<span class=\"adrasa-hero__title-line\">Colaboraci\u00f3n para generar <span class=\"adrasa-hero__title-italic\">impacto<\/span><\/span>\n\t\t\t\t\t\t<\/h2>\n\t\t\n\t\t\t\t\t\t\t\n\t\t\t\t\t\t\t\t\t\t\t\t\t\t\t<div class=\"adrasa-hero__desc-block\"><p><strong>El cambio requiere colaboraci\u00f3n.<\/strong><\/p><p>Colaboramos con fabricantes textiles, marcas e instituciones de investigaci\u00f3n para cocrear sistemas qu\u00edmicos m\u00e1s seguros y acelerar la sostenibilidad en toda la industria.<\/p><p>Porque la responsabilidad se hace m\u00e1s fuerte cuando se comparte.<\/p><\/div>\n\t\t\t\t\t\t\t\n\t\t\t\t\t\t\t\t\t\t\t\t\t\t\t\t<div class=\"adrasa-hero__buttons\" aria-label=\"Calls to action\">\n\t\t\t\t\t\t\t\t\t\t\t<a href=\"#contact\"\n\t\t\t\t\tclass=\"adrasa-hero__btn adrasa-hero__btn--tertiary\">\n\t\t\t\t\t<span class=\"adrasa-hero__btn-text\">Habla con nuestro equipo t\u00e9cnico<\/span>\n\n\t\t\t\t\t\t\t\t\t\t\t<span class=\"adrasa-hero__btn-icon\" aria-hidden=\"true\">\n\t\t\t\t\t\t\t<img decoding=\"async\" src=\"https:\/\/adrasa.itdo.dev\/wp-content\/uploads\/2026\/01\/arrow-up-right-white.svg\" alt=\"\" \/>\n\t\t\t\t\t\t<\/span>\n\t\t\t\t\t\t\t\t\t<\/a>\n\t\t\t\t\t<\/div>\n\t\t\n\t\t\t\t\t\t\n\t\t\t\t\t<\/div>\n\n\t\t\t\t\t<div class=\"adrasa-hero__block adrasa-hero__block--bottom\"><\/div>\n\t\t\t\t<\/div>\n\t\t\t<\/div>\n\t\t<\/section>\n\t\t\t\t\t\t<\/div>\n\t\t\t\t<\/div>\n\t\t\t\t\t<\/div>\n\t\t\t\t<\/div>\n\t\t\t\t<\/div>\n\t\t","protected":false},"excerpt":{"rendered":"","protected":false},"author":0,"featured_media":0,"parent":2237,"menu_order":0,"comment_status":"closed","ping_status":"closed","template":"elementor_header_footer","meta":{"_acf_changed":false,"footnotes":""},"class_list":["post-2239","page","type-page","status-publish","hentry"],"acf":[],"yoast_head":"<!-- This site is optimized with the Yoast SEO plugin v26.5 - https:\/\/yoast.com\/wordpress\/plugins\/seo\/ -->\n<title>Qu\u00edmica responsable, libre de PFAS - ADRASA - Assessors Del Ram d&#039;Aigua, S.A.<\/title>\n<meta name=\"description\" content=\"Qu\u00edmica responsable, libre de PFAS. Rendimiento sin concesiones. ADRASA desarrolla auxiliares y acabados textiles de alto rendimiento sin PFAS, con enfoque en seguridad, cumplimiento e innovaci\u00f3n.\" \/>\n<meta name=\"robots\" content=\"noindex, follow, max-snippet:-1, max-image-preview:large, max-video-preview:-1\" \/>\n<meta property=\"og:locale\" content=\"es_ES\" \/>\n<meta property=\"og:type\" content=\"article\" \/>\n<meta property=\"og:title\" content=\"Qu\u00edmica responsable, libre de PFAS - ADRASA - Assessors Del Ram d&#039;Aigua, S.A.\" \/>\n<meta property=\"og:description\" content=\"Qu\u00edmica responsable, libre de PFAS. Rendimiento sin concesiones. ADRASA desarrolla auxiliares y acabados textiles de alto rendimiento sin PFAS, con enfoque en seguridad, cumplimiento e innovaci\u00f3n.\" \/>\n<meta property=\"og:url\" content=\"https:\/\/adrasa.itdo.dev\/es\/sostenibilidad\/quimica-responsable\/\" \/>\n<meta property=\"og:site_name\" content=\"ADRASA - Assessors Del Ram d&#039;Aigua, S.A.\" \/>\n<meta property=\"article:modified_time\" content=\"2026-04-10T08:32:44+00:00\" \/>\n<meta name=\"twitter:card\" content=\"summary_large_image\" \/>\n<script type=\"application\/ld+json\" class=\"yoast-schema-graph\">{\"@context\":\"https:\/\/schema.org\",\"@graph\":[{\"@type\":\"WebPage\",\"@id\":\"https:\/\/adrasa.itdo.dev\/es\/sostenibilidad\/quimica-responsable\/\",\"url\":\"https:\/\/adrasa.itdo.dev\/es\/sostenibilidad\/quimica-responsable\/\",\"name\":\"Qu\u00edmica responsable, libre de PFAS - ADRASA - Assessors Del Ram d&#039;Aigua, S.A.\",\"isPartOf\":{\"@id\":\"https:\/\/adrasa.itdo.dev\/es\/#website\"},\"datePublished\":\"2026-02-20T12:58:11+00:00\",\"dateModified\":\"2026-04-10T08:32:44+00:00\",\"description\":\"Qu\u00edmica responsable, libre de PFAS. Rendimiento sin concesiones. ADRASA desarrolla auxiliares y acabados textiles de alto rendimiento sin PFAS, con enfoque en seguridad, cumplimiento e innovaci\u00f3n.\",\"breadcrumb\":{\"@id\":\"https:\/\/adrasa.itdo.dev\/es\/sostenibilidad\/quimica-responsable\/#breadcrumb\"},\"inLanguage\":\"es\",\"potentialAction\":[{\"@type\":\"ReadAction\",\"target\":[\"https:\/\/adrasa.itdo.dev\/es\/sostenibilidad\/quimica-responsable\/\"]}]},{\"@type\":\"BreadcrumbList\",\"@id\":\"https:\/\/adrasa.itdo.dev\/es\/sostenibilidad\/quimica-responsable\/#breadcrumb\",\"itemListElement\":[{\"@type\":\"ListItem\",\"position\":1,\"name\":\"Portada\",\"item\":\"https:\/\/adrasa.itdo.dev\/es\/\"},{\"@type\":\"ListItem\",\"position\":2,\"name\":\"Sostenibilidad\",\"item\":\"https:\/\/adrasa.itdo.dev\/es\/sustainability\/\"},{\"@type\":\"ListItem\",\"position\":3,\"name\":\"Qu\u00edmica responsable, libre de PFAS\"}]},{\"@type\":\"WebSite\",\"@id\":\"https:\/\/adrasa.itdo.dev\/es\/#website\",\"url\":\"https:\/\/adrasa.itdo.dev\/es\/\",\"name\":\"ADRASA - Assessors Del Ram d&#039;Aigua, S.A.\",\"description\":\" Sustainable textile finishing, from lab to scale\",\"publisher\":{\"@id\":\"https:\/\/adrasa.itdo.dev\/es\/#organization\"},\"potentialAction\":[{\"@type\":\"SearchAction\",\"target\":{\"@type\":\"EntryPoint\",\"urlTemplate\":\"https:\/\/adrasa.itdo.dev\/es\/?s={search_term_string}\"},\"query-input\":{\"@type\":\"PropertyValueSpecification\",\"valueRequired\":true,\"valueName\":\"search_term_string\"}}],\"inLanguage\":\"es\"},{\"@type\":\"Organization\",\"@id\":\"https:\/\/adrasa.itdo.dev\/es\/#organization\",\"name\":\"ADRASA - Assessors Del Ram d&#039;Aigua, S.A.\",\"url\":\"https:\/\/adrasa.itdo.dev\/es\/\",\"logo\":{\"@type\":\"ImageObject\",\"inLanguage\":\"es\",\"@id\":\"https:\/\/adrasa.itdo.dev\/es\/#\/schema\/logo\/image\/\",\"url\":\"https:\/\/adrasa.itdo.dev\/wp-content\/uploads\/2025\/12\/logo_ADRASA_claim.webp\",\"contentUrl\":\"https:\/\/adrasa.itdo.dev\/wp-content\/uploads\/2025\/12\/logo_ADRASA_claim.webp\",\"width\":578,\"height\":122,\"caption\":\"ADRASA - Assessors Del Ram d&#039;Aigua, S.A.\"},\"image\":{\"@id\":\"https:\/\/adrasa.itdo.dev\/es\/#\/schema\/logo\/image\/\"}}]}<\/script>\n<!-- \/ Yoast SEO plugin. -->","yoast_head_json":{"title":"Qu\u00edmica responsable, libre de PFAS - ADRASA - Assessors Del Ram d&#039;Aigua, S.A.","description":"Qu\u00edmica responsable, libre de PFAS. Rendimiento sin concesiones. ADRASA desarrolla auxiliares y acabados textiles de alto rendimiento sin PFAS, con enfoque en seguridad, cumplimiento e innovaci\u00f3n.","robots":{"index":"noindex","follow":"follow","max-snippet":"max-snippet:-1","max-image-preview":"max-image-preview:large","max-video-preview":"max-video-preview:-1"},"og_locale":"es_ES","og_type":"article","og_title":"Qu\u00edmica responsable, libre de PFAS - ADRASA - Assessors Del Ram d&#039;Aigua, S.A.","og_description":"Qu\u00edmica responsable, libre de PFAS. Rendimiento sin concesiones. ADRASA desarrolla auxiliares y acabados textiles de alto rendimiento sin PFAS, con enfoque en seguridad, cumplimiento e innovaci\u00f3n.","og_url":"https:\/\/adrasa.itdo.dev\/es\/sostenibilidad\/quimica-responsable\/","og_site_name":"ADRASA - Assessors Del Ram d&#039;Aigua, S.A.","article_modified_time":"2026-04-10T08:32:44+00:00","twitter_card":"summary_large_image","schema":{"@context":"https:\/\/schema.org","@graph":[{"@type":"WebPage","@id":"https:\/\/adrasa.itdo.dev\/es\/sostenibilidad\/quimica-responsable\/","url":"https:\/\/adrasa.itdo.dev\/es\/sostenibilidad\/quimica-responsable\/","name":"Qu\u00edmica responsable, libre de PFAS - ADRASA - Assessors Del Ram d&#039;Aigua, S.A.","isPartOf":{"@id":"https:\/\/adrasa.itdo.dev\/es\/#website"},"datePublished":"2026-02-20T12:58:11+00:00","dateModified":"2026-04-10T08:32:44+00:00","description":"Qu\u00edmica responsable, libre de PFAS. Rendimiento sin concesiones. ADRASA desarrolla auxiliares y acabados textiles de alto rendimiento sin PFAS, con enfoque en seguridad, cumplimiento e innovaci\u00f3n.","breadcrumb":{"@id":"https:\/\/adrasa.itdo.dev\/es\/sostenibilidad\/quimica-responsable\/#breadcrumb"},"inLanguage":"es","potentialAction":[{"@type":"ReadAction","target":["https:\/\/adrasa.itdo.dev\/es\/sostenibilidad\/quimica-responsable\/"]}]},{"@type":"BreadcrumbList","@id":"https:\/\/adrasa.itdo.dev\/es\/sostenibilidad\/quimica-responsable\/#breadcrumb","itemListElement":[{"@type":"ListItem","position":1,"name":"Portada","item":"https:\/\/adrasa.itdo.dev\/es\/"},{"@type":"ListItem","position":2,"name":"Sostenibilidad","item":"https:\/\/adrasa.itdo.dev\/es\/sustainability\/"},{"@type":"ListItem","position":3,"name":"Qu\u00edmica responsable, libre de PFAS"}]},{"@type":"WebSite","@id":"https:\/\/adrasa.itdo.dev\/es\/#website","url":"https:\/\/adrasa.itdo.dev\/es\/","name":"ADRASA - Assessors Del Ram d&#039;Aigua, S.A.","description":" Sustainable textile finishing, from lab to scale","publisher":{"@id":"https:\/\/adrasa.itdo.dev\/es\/#organization"},"potentialAction":[{"@type":"SearchAction","target":{"@type":"EntryPoint","urlTemplate":"https:\/\/adrasa.itdo.dev\/es\/?s={search_term_string}"},"query-input":{"@type":"PropertyValueSpecification","valueRequired":true,"valueName":"search_term_string"}}],"inLanguage":"es"},{"@type":"Organization","@id":"https:\/\/adrasa.itdo.dev\/es\/#organization","name":"ADRASA - Assessors Del Ram d&#039;Aigua, S.A.","url":"https:\/\/adrasa.itdo.dev\/es\/","logo":{"@type":"ImageObject","inLanguage":"es","@id":"https:\/\/adrasa.itdo.dev\/es\/#\/schema\/logo\/image\/","url":"https:\/\/adrasa.itdo.dev\/wp-content\/uploads\/2025\/12\/logo_ADRASA_claim.webp","contentUrl":"https:\/\/adrasa.itdo.dev\/wp-content\/uploads\/2025\/12\/logo_ADRASA_claim.webp","width":578,"height":122,"caption":"ADRASA - Assessors Del Ram d&#039;Aigua, S.A."},"image":{"@id":"https:\/\/adrasa.itdo.dev\/es\/#\/schema\/logo\/image\/"}}]}},"_links":{"self":[{"href":"https:\/\/adrasa.itdo.dev\/es\/wp-json\/wp\/v2\/pages\/2239","targetHints":{"allow":["GET"]}}],"collection":[{"href":"https:\/\/adrasa.itdo.dev\/es\/wp-json\/wp\/v2\/pages"}],"about":[{"href":"https:\/\/adrasa.itdo.dev\/es\/wp-json\/wp\/v2\/types\/page"}],"replies":[{"embeddable":true,"href":"https:\/\/adrasa.itdo.dev\/es\/wp-json\/wp\/v2\/comments?post=2239"}],"version-history":[{"count":1,"href":"https:\/\/adrasa.itdo.dev\/es\/wp-json\/wp\/v2\/pages\/2239\/revisions"}],"predecessor-version":[{"id":2258,"href":"https:\/\/adrasa.itdo.dev\/es\/wp-json\/wp\/v2\/pages\/2239\/revisions\/2258"}],"up":[{"embeddable":true,"href":"https:\/\/adrasa.itdo.dev\/es\/wp-json\/wp\/v2\/pages\/2237"}],"wp:attachment":[{"href":"https:\/\/adrasa.itdo.dev\/es\/wp-json\/wp\/v2\/media?parent=2239"}],"curies":[{"name":"wp","href":"https:\/\/api.w.org\/{rel}","templated":true}]}}