{"id":2237,"date":"2026-01-31T13:04:06","date_gmt":"2026-01-31T12:04:06","guid":{"rendered":"https:\/\/adrasa.itdo.dev\/sostenibilidad\/"},"modified":"2026-04-10T10:32:40","modified_gmt":"2026-04-10T08:32:40","slug":"sostenibilidad","status":"publish","type":"page","link":"https:\/\/adrasa.itdo.dev\/es\/sostenibilidad\/","title":{"rendered":"Sostenibilidad"},"content":{"rendered":"\t\t<div data-elementor-type=\"wp-page\" data-elementor-id=\"2237\" class=\"elementor elementor-2237 elementor-811\" data-elementor-post-type=\"page\">\n\t\t\t\t<div class=\"elementor-element elementor-element-7dcd2df section-sustainability adrasa-sustainability-hero-section e-flex e-con-boxed e-con e-parent\" data-id=\"7dcd2df\" data-element_type=\"container\" data-settings=\"{&quot;background_background&quot;:&quot;classic&quot;}\">\n\t\t\t\t\t<div class=\"e-con-inner\">\n\t\t\t\t<div class=\"elementor-element elementor-element-c53cc62 adrasa-sustainability-hero elementor-widget elementor-widget-adrasa-hero\" data-id=\"c53cc62\" data-element_type=\"widget\" data-widget_type=\"adrasa-hero.default\">\n\t\t\t\t<div class=\"elementor-widget-container\">\n\t\t\t\t\t\t\t<section class=\"adrasa-hero adrasa-hero--center\">\n\t\t\t<div class=\"container\">\n\t\t\t\t<div class=\"adrasa-hero__grid\">\n\t\t\t\t\t<div class=\"adrasa-hero__block adrasa-hero__block--top\">\n\n\t\t\t\t\t\t\n\t\t\t\t\t\t\t\t\t<h1 class=\"adrasa-hero__title adrasa-hero__title--stacked\">\n\t\t\t\t\t\t\t<span class=\"adrasa-hero__title-line\">Donde la <span class=\"adrasa-hero__title-italic\">qu\u00edmica<\/span> se encuentra con la responsabilidad<\/span>\n\t\t\t\t\t\t<\/h1>\n\t\t\n\t\t\t\t\t\t\t\n\t\t\t\t\t\t\t\t\t\t\t\t\t\t\t<div class=\"adrasa-hero__desc-block\"><p>En ADRASA, la sostenibilidad se dise\u00f1a en cada f\u00f3rmula que creamos. Desde sistemas certificados hasta innovaci\u00f3n libre de PFAS, combinamos rendimiento e integridad ambiental para garantizar una qu\u00edmica textil que proteja tanto a las personas como al planeta.<\/p><\/div>\n\t\t\t\t\t\t\t\n\t\t\t\t\t\t\t\t\t\t\t\t\t\t\t\t<div class=\"adrasa-hero__buttons\" aria-label=\"Calls to action\">\n\t\t\t\t\t\t\t\t\t\t\t<a href=\"#industries\"\n\t\t\t\t\tclass=\"adrasa-hero__btn adrasa-hero__btn--primary\">\n\t\t\t\t\t<span class=\"adrasa-hero__btn-text\">Explora sostenibilidad<\/span>\n\n\t\t\t\t\t\t\t\t\t\t\t<span class=\"adrasa-hero__btn-icon\" aria-hidden=\"true\">\n\t\t\t\t\t\t\t<img decoding=\"async\" src=\"https:\/\/adrasa.itdo.dev\/wp-content\/uploads\/2026\/01\/arrow-up-right-green.svg\" alt=\"\" \/>\n\t\t\t\t\t\t<\/span>\n\t\t\t\t\t\t\t\t\t<\/a>\n\t\t\t\t\t<\/div>\n\t\t\n\t\t\t\t\t\t\n\t\t\t\t\t<\/div>\n\n\t\t\t\t\t<div class=\"adrasa-hero__block adrasa-hero__block--bottom\"><\/div>\n\t\t\t\t<\/div>\n\t\t\t<\/div>\n\t\t<\/section>\n\t\t\t\t\t\t<\/div>\n\t\t\t\t<\/div>\n\t\t\t\t<div class=\"elementor-element elementor-element-dce9f39 adrasa-sustainability-feature elementor-widget elementor-widget-adrasa-feature-section\" data-id=\"dce9f39\" data-element_type=\"widget\" data-widget_type=\"adrasa-feature-section.default\">\n\t\t\t\t<div class=\"elementor-widget-container\">\n\t\t\t\t\t\t\t<section\n\t\t\tid=\"adrasa-fsection-dce9f39\"\n\t\t\tclass=\"adrasa-fsection adrasa-fsection--cards-1 adrasa-fsection--banner adrasa-fsection--title-left\"\n\t\t\tdata-adrasa-fsection\n\t\t\tdata-variant=\"banner\"\n\t\t>\n\n\t\t\t\n\t\t\t<div class=\"adrasa-fsection__cards\" data-adrasa-track>\n\t\t\t\t\t\t\t\t\t<article\n\t\t\t\t\t\tclass=\"adrasa-fsection__card adrasa-fsection__card--banner\"\n\t\t\t\t\t\t\t\t\t\t\t\t\tstyle=\"--adrasa-card-bg-overlay-opacity:0;\"\n\t\t\t\t\t\t\t\t\t\t\t>\n\t\t\t\t\t\t<div class=\"adrasa-fsection__card-banner\">\n\t\t\t\t\t\t\t<div class=\"adrasa-fsection__banner-left\">\n\t\t\t\t\t\t\t\t<h3 class=\"adrasa-fsection__banner-title adrasa-fsection__title\"><span class=\"adrasa-fsection__title-italic\">Sostenibilidad<\/span><span class=\"adrasa-fsection__title-regular\">en acci\u00f3n<\/span><\/h3>\n\t\t\t\t\t\t\t\t\t\t\t\t\t\t\t\t\t<div class=\"adrasa-fsection__banner-text\"><p><strong>Innovaci\u00f3n y responsabilidad van de la mano.<\/strong><\/p><p>Nuestro compromiso abarca cada etapa del proceso textil: dise\u00f1ar qu\u00edmicas m\u00e1s seguras, reducir el consumo de agua y energ\u00eda y garantizar una trazabilidad completa desde el laboratorio hasta la planta.<\/p><p>Respaldada por est\u00e1ndares internacionales, ADRASA ofrece un impacto medible y convierte la sostenibilidad en rendimiento.<\/p><\/div>\n\t\t\t\t\t\t\t\t\t\t\t\t\t\t\t<\/div>\n\n\t\t\t\t\t\t\t<div class=\"adrasa-fsection__banner-right\">\n\t\t\t\t\t\t\t\t\t\t\t\t\t\t\t\t\t<a class=\"adrasa-fsection__pill adrasa-fsection__banner-pill\" href=\"#\">\n\t\t\t\t\t\t\t\t\t\t<span class=\"adrasa-fsection__pill-label\">Ver nuestras certificaciones<\/span>\n\t\t\t\t\t\t\t\t\t\t<span class=\"adrasa-fsection__pill-icon\" aria-hidden=\"true\"><\/span>\n\t\t\t\t\t\t\t\t\t<\/a>\n\t\t\t\t\t\t\t\t\t\t\t\t\t\t\t<\/div>\n\t\t\t\t\t\t<\/div>\n\t\t\t\t\t<\/article>\n\t\t\t\t\t\t\t\t<\/div>\n\n\t\t\t\n\t\t<\/section>\n\t\t\t\t\t\t<\/div>\n\t\t\t\t<\/div>\n\t\t\t\t<div class=\"elementor-element elementor-element-1f4e768 adrasa-sustainability-grid elementor-widget elementor-widget-adrasa-grid\" data-id=\"1f4e768\" data-element_type=\"widget\" data-widget_type=\"adrasa-grid.default\">\n\t\t\t\t<div class=\"elementor-widget-container\">\n\t\t\t\t\t    <div id=\"adrasa-grid-1f4e768\" class=\"adrasa-grid adrasa-grid--split adrasa-grid--count-2\" style=\"--adrasa-overlay-image: url(https:\/\/adrasa.itdo.dev\/wp-content\/uploads\/2026\/02\/sus-image-1-layer.png);\" data-adrasa-count=\"2\">\n      <div class=\"adrasa-grid__wrap\" data-adrasa-wrap>\n        <div class=\"adrasa-grid__items\" data-adrasa-track>\n                          <article class=\"adrasa-scard\" data-adrasa-scard style=\"--adrasa-split-img: url(https:\/\/adrasa.itdo.dev\/wp-content\/uploads\/2026\/01\/sus-image-1-e1769869862350.png);\">\n      <div class=\"adrasa-scard__content\">\n                  <h3 class=\"adrasa-scard__title has-italic\">\n            Vertido cero, <span class=\"adrasa-title__italic\">cambio real<\/span>          <\/h3>\n        \n                  <p class=\"adrasa-scard__subtitle\">La qu\u00edmica m\u00e1s limpia empieza con un agua m\u00e1s limpia.<\/p>\n        \n                  <div class=\"adrasa-scard__text\"><p>ADRASA aplica una filosof\u00eda de vertido cero en toda la cadena de valor, desarrollando formulaciones biodegradables y sistemas eficientes de gesti\u00f3n de aguas residuales que minimizan el impacto ambiental.<\/p><\/div>\n        \n                  <a class=\"adrasa-scard__cta\" href=\"https:\/\/www.adrasa.com\">\n            <span>Descubre el vertido cero<\/span>\n            <span class=\"adrasa-scard__cta-icon\" aria-hidden=\"true\">\n              <svg xmlns=\"http:\/\/www.w3.org\/2000\/svg\" width=\"16\" height=\"16\" fill=\"none\"><path d=\"M0.500636 0.500028L14.6426 0.500027L14.6426 14.642\" fill=\"#336B64\"><\/path><path d=\"M0.500637 14.642L14.6426 0.500027M14.6426 0.500027L0.500636 0.500028M14.6426 0.500027L14.6426 14.642\" stroke=\"#3B9D7A\" stroke-linecap=\"round\" stroke-linejoin=\"round\"><\/path><\/svg>            <\/span>\n          <\/a>\n              <\/div>\n\n              <a class=\"adrasa-scard__link-hitarea\"\n          data-adrasa-scard-link\n          href=\"https:\/\/www.adrasa.com\"          aria-label=\"Vertido cero, cambio real\"><\/a>\n          <\/article>\n                              <article class=\"adrasa-scard\" data-adrasa-scard style=\"--adrasa-split-img: url(https:\/\/adrasa.itdo.dev\/wp-content\/uploads\/2026\/01\/sus-image-2-e1769870120140.webp);\">\n      <div class=\"adrasa-scard__content\">\n                  <h3 class=\"adrasa-scard__title has-italic\">\n            Qu\u00edmica responsable, <span class=\"adrasa-title__italic\">libre de PFAS<\/span>          <\/h3>\n        \n                  <p class=\"adrasa-scard__subtitle\">Rendimiento sin concesiones.<\/p>\n        \n                  <div class=\"adrasa-scard__text\"><p>Lideramos la transici\u00f3n hacia una qu\u00edmica textil m\u00e1s segura y libre de fl\u00faor, desarrollando sistemas avanzados que aportan repelencia, suavidad y durabilidad sin PFAS.<\/p><p>Mediante investigaci\u00f3n y ensayo, demostramos que la innovaci\u00f3n y la responsabilidad pueden coexistir.<\/p><\/div>\n        \n                  <a class=\"adrasa-scard__cta\" href=\"#\">\n            <span>Sobre la qu\u00edmica libre de PFAS<\/span>\n            <span class=\"adrasa-scard__cta-icon\" aria-hidden=\"true\">\n              <svg xmlns=\"http:\/\/www.w3.org\/2000\/svg\" width=\"16\" height=\"16\" fill=\"none\"><path d=\"M0.500636 0.500028L14.6426 0.500027L14.6426 14.642\" fill=\"#336B64\"><\/path><path d=\"M0.500637 14.642L14.6426 0.500027M14.6426 0.500027L0.500636 0.500028M14.6426 0.500027L14.6426 14.642\" stroke=\"#3B9D7A\" stroke-linecap=\"round\" stroke-linejoin=\"round\"><\/path><\/svg>            <\/span>\n          <\/a>\n              <\/div>\n\n              <a class=\"adrasa-scard__link-hitarea\"\n          data-adrasa-scard-link\n          href=\"#\"          aria-label=\"Qu\u00edmica responsable, libre de PFAS\"><\/a>\n          <\/article>\n                      <\/div>\n\n        \n        \n      <\/div>\n    <\/div>\n    \t\t\t\t<\/div>\n\t\t\t\t<\/div>\n\t\t\t\t\t<\/div>\n\t\t\t\t<\/div>\n\t\t<div class=\"elementor-element elementor-element-09e86d3 adrasa-sustainability-content-section e-flex e-con-boxed e-con e-parent\" data-id=\"09e86d3\" data-element_type=\"container\" data-settings=\"{&quot;background_background&quot;:&quot;classic&quot;}\">\n\t\t\t\t\t<div class=\"e-con-inner\">\n\t\t\t\t\t<\/div>\n\t\t\t\t<\/div>\n\t\t<div class=\"elementor-element elementor-element-36244ac9 adrasa-pre-footer-section adrasa-sustainability-pre-footer-section e-flex e-con-boxed e-con e-parent\" data-id=\"36244ac9\" data-element_type=\"container\" data-settings=\"{&quot;background_background&quot;:&quot;classic&quot;}\">\n\t\t\t\t\t<div class=\"e-con-inner\">\n\t\t\t\t<div class=\"elementor-element elementor-element-2e1c6c04 adrasa-pre-footer-hero adrasa-sustainability-pre-footer-hero elementor-widget elementor-widget-adrasa-hero\" data-id=\"2e1c6c04\" data-element_type=\"widget\" data-widget_type=\"adrasa-hero.default\">\n\t\t\t\t<div class=\"elementor-widget-container\">\n\t\t\t\t\t\t\t<section class=\"adrasa-hero adrasa-hero--center\">\n\t\t\t<div class=\"container\">\n\t\t\t\t<div class=\"adrasa-hero__grid\">\n\t\t\t\t\t<div class=\"adrasa-hero__block adrasa-hero__block--top\">\n\n\t\t\t\t\t\t\n\t\t\t\t\t\t\t\t\t<h2 class=\"adrasa-hero__title adrasa-hero__title--stacked\">\n\t\t\t\t\t\t\t<span class=\"adrasa-hero__title-line\"><span class=\"adrasa-hero__title-italic\">Compromiso<\/span> m\u00e1s all\u00e1 del cumplimiento<\/span>\n\t\t\t\t\t\t<\/h2>\n\t\t\n\t\t\t\t\t\t\t\n\t\t\t\t\t\t\t\t\t\t\t\t\t\t\t<div class=\"adrasa-hero__desc-block\"><p><strong>La sostenibilidad en ADRASA es un camino continuo.<\/strong><\/p><p>Invertimos en I+D, energ\u00edas renovables y proyectos circulares que ayudan a construir una industria textil m\u00e1s resiliente.<\/p><p>Junto a nuestros socios, convertimos la responsabilidad ambiental en un valor compartido y en un futuro compartido.<\/p><\/div>\n\t\t\t\t\t\t\t\n\t\t\t\t\t\t\t\t\t\t\t\t\t\t\t\t<div class=\"adrasa-hero__buttons\" aria-label=\"Calls to action\">\n\t\t\t\t\t\t\t\t\t\t\t<a href=\"\/contact\"\n\t\t\t\t\tclass=\"adrasa-hero__btn adrasa-hero__btn--tertiary\">\n\t\t\t\t\t<span class=\"adrasa-hero__btn-text\">Contacta con nuestro equipo<\/span>\n\n\t\t\t\t\t\t\t\t\t\t\t<span class=\"adrasa-hero__btn-icon\" aria-hidden=\"true\">\n\t\t\t\t\t\t\t<img decoding=\"async\" src=\"https:\/\/adrasa.itdo.dev\/wp-content\/uploads\/2026\/01\/arrow-up-right-white.svg\" alt=\"\" \/>\n\t\t\t\t\t\t<\/span>\n\t\t\t\t\t\t\t\t\t<\/a>\n\t\t\t\t\t<\/div>\n\t\t\n\t\t\t\t\t\t\n\t\t\t\t\t<\/div>\n\n\t\t\t\t\t<div class=\"adrasa-hero__block adrasa-hero__block--bottom\"><\/div>\n\t\t\t\t<\/div>\n\t\t\t<\/div>\n\t\t<\/section>\n\t\t\t\t\t\t<\/div>\n\t\t\t\t<\/div>\n\t\t\t\t\t<\/div>\n\t\t\t\t<\/div>\n\t\t\t\t<\/div>\n\t\t","protected":false},"excerpt":{"rendered":"","protected":false},"author":0,"featured_media":0,"parent":0,"menu_order":0,"comment_status":"closed","ping_status":"closed","template":"elementor_header_footer","meta":{"_acf_changed":false,"footnotes":""},"class_list":["post-2237","page","type-page","status-publish","hentry"],"acf":[],"yoast_head":"<!-- This site is optimized with the Yoast SEO plugin v26.5 - https:\/\/yoast.com\/wordpress\/plugins\/seo\/ -->\n<title>Sostenibilidad - ADRASA - Assessors Del Ram d&#039;Aigua, S.A.<\/title>\n<meta name=\"description\" content=\"Sostenibilidad. Donde la qu\u00edmica se encuentra con la responsabilidad. En ADRASA, la sostenibilidad est\u00e1 dise\u00f1ada en cada f\u00f3rmula: sistemas certificados, innovaci\u00f3n libre de PFAS y soluciones que protegen a las personas y al planeta.\" \/>\n<meta name=\"robots\" content=\"noindex, follow, max-snippet:-1, max-image-preview:large, max-video-preview:-1\" \/>\n<meta property=\"og:locale\" content=\"es_ES\" \/>\n<meta property=\"og:type\" content=\"article\" \/>\n<meta property=\"og:title\" content=\"Sostenibilidad - ADRASA - Assessors Del Ram d&#039;Aigua, S.A.\" \/>\n<meta property=\"og:description\" content=\"Sostenibilidad. Donde la qu\u00edmica se encuentra con la responsabilidad. En ADRASA, la sostenibilidad est\u00e1 dise\u00f1ada en cada f\u00f3rmula: sistemas certificados, innovaci\u00f3n libre de PFAS y soluciones que protegen a las personas y al planeta.\" \/>\n<meta property=\"og:url\" content=\"https:\/\/adrasa.itdo.dev\/es\/sostenibilidad\/\" \/>\n<meta property=\"og:site_name\" content=\"ADRASA - Assessors Del Ram d&#039;Aigua, S.A.\" \/>\n<meta property=\"article:modified_time\" content=\"2026-04-10T08:32:40+00:00\" \/>\n<meta name=\"twitter:card\" content=\"summary_large_image\" \/>\n<script type=\"application\/ld+json\" class=\"yoast-schema-graph\">{\"@context\":\"https:\/\/schema.org\",\"@graph\":[{\"@type\":\"WebPage\",\"@id\":\"https:\/\/adrasa.itdo.dev\/es\/sostenibilidad\/\",\"url\":\"https:\/\/adrasa.itdo.dev\/es\/sostenibilidad\/\",\"name\":\"Sostenibilidad - ADRASA - Assessors Del Ram d&#039;Aigua, S.A.\",\"isPartOf\":{\"@id\":\"https:\/\/adrasa.itdo.dev\/es\/#website\"},\"datePublished\":\"2026-01-31T12:04:06+00:00\",\"dateModified\":\"2026-04-10T08:32:40+00:00\",\"description\":\"Sostenibilidad. Donde la qu\u00edmica se encuentra con la responsabilidad. En ADRASA, la sostenibilidad est\u00e1 dise\u00f1ada en cada f\u00f3rmula: sistemas certificados, innovaci\u00f3n libre de PFAS y soluciones que protegen a las personas y al planeta.\",\"breadcrumb\":{\"@id\":\"https:\/\/adrasa.itdo.dev\/es\/sostenibilidad\/#breadcrumb\"},\"inLanguage\":\"es\",\"potentialAction\":[{\"@type\":\"ReadAction\",\"target\":[\"https:\/\/adrasa.itdo.dev\/es\/sostenibilidad\/\"]}]},{\"@type\":\"BreadcrumbList\",\"@id\":\"https:\/\/adrasa.itdo.dev\/es\/sostenibilidad\/#breadcrumb\",\"itemListElement\":[{\"@type\":\"ListItem\",\"position\":1,\"name\":\"Portada\",\"item\":\"https:\/\/adrasa.itdo.dev\/es\/\"},{\"@type\":\"ListItem\",\"position\":2,\"name\":\"Sostenibilidad\"}]},{\"@type\":\"WebSite\",\"@id\":\"https:\/\/adrasa.itdo.dev\/es\/#website\",\"url\":\"https:\/\/adrasa.itdo.dev\/es\/\",\"name\":\"ADRASA - Assessors Del Ram d&#039;Aigua, S.A.\",\"description\":\" Sustainable textile finishing, from lab to scale\",\"publisher\":{\"@id\":\"https:\/\/adrasa.itdo.dev\/es\/#organization\"},\"potentialAction\":[{\"@type\":\"SearchAction\",\"target\":{\"@type\":\"EntryPoint\",\"urlTemplate\":\"https:\/\/adrasa.itdo.dev\/es\/?s={search_term_string}\"},\"query-input\":{\"@type\":\"PropertyValueSpecification\",\"valueRequired\":true,\"valueName\":\"search_term_string\"}}],\"inLanguage\":\"es\"},{\"@type\":\"Organization\",\"@id\":\"https:\/\/adrasa.itdo.dev\/es\/#organization\",\"name\":\"ADRASA - Assessors Del Ram d&#039;Aigua, S.A.\",\"url\":\"https:\/\/adrasa.itdo.dev\/es\/\",\"logo\":{\"@type\":\"ImageObject\",\"inLanguage\":\"es\",\"@id\":\"https:\/\/adrasa.itdo.dev\/es\/#\/schema\/logo\/image\/\",\"url\":\"https:\/\/adrasa.itdo.dev\/wp-content\/uploads\/2025\/12\/logo_ADRASA_claim.webp\",\"contentUrl\":\"https:\/\/adrasa.itdo.dev\/wp-content\/uploads\/2025\/12\/logo_ADRASA_claim.webp\",\"width\":578,\"height\":122,\"caption\":\"ADRASA - Assessors Del Ram d&#039;Aigua, S.A.\"},\"image\":{\"@id\":\"https:\/\/adrasa.itdo.dev\/es\/#\/schema\/logo\/image\/\"}}]}<\/script>\n<!-- \/ Yoast SEO plugin. -->","yoast_head_json":{"title":"Sostenibilidad - ADRASA - Assessors Del Ram d&#039;Aigua, S.A.","description":"Sostenibilidad. Donde la qu\u00edmica se encuentra con la responsabilidad. En ADRASA, la sostenibilidad est\u00e1 dise\u00f1ada en cada f\u00f3rmula: sistemas certificados, innovaci\u00f3n libre de PFAS y soluciones que protegen a las personas y al planeta.","robots":{"index":"noindex","follow":"follow","max-snippet":"max-snippet:-1","max-image-preview":"max-image-preview:large","max-video-preview":"max-video-preview:-1"},"og_locale":"es_ES","og_type":"article","og_title":"Sostenibilidad - ADRASA - Assessors Del Ram d&#039;Aigua, S.A.","og_description":"Sostenibilidad. Donde la qu\u00edmica se encuentra con la responsabilidad. En ADRASA, la sostenibilidad est\u00e1 dise\u00f1ada en cada f\u00f3rmula: sistemas certificados, innovaci\u00f3n libre de PFAS y soluciones que protegen a las personas y al planeta.","og_url":"https:\/\/adrasa.itdo.dev\/es\/sostenibilidad\/","og_site_name":"ADRASA - Assessors Del Ram d&#039;Aigua, S.A.","article_modified_time":"2026-04-10T08:32:40+00:00","twitter_card":"summary_large_image","schema":{"@context":"https:\/\/schema.org","@graph":[{"@type":"WebPage","@id":"https:\/\/adrasa.itdo.dev\/es\/sostenibilidad\/","url":"https:\/\/adrasa.itdo.dev\/es\/sostenibilidad\/","name":"Sostenibilidad - ADRASA - Assessors Del Ram d&#039;Aigua, S.A.","isPartOf":{"@id":"https:\/\/adrasa.itdo.dev\/es\/#website"},"datePublished":"2026-01-31T12:04:06+00:00","dateModified":"2026-04-10T08:32:40+00:00","description":"Sostenibilidad. Donde la qu\u00edmica se encuentra con la responsabilidad. En ADRASA, la sostenibilidad est\u00e1 dise\u00f1ada en cada f\u00f3rmula: sistemas certificados, innovaci\u00f3n libre de PFAS y soluciones que protegen a las personas y al planeta.","breadcrumb":{"@id":"https:\/\/adrasa.itdo.dev\/es\/sostenibilidad\/#breadcrumb"},"inLanguage":"es","potentialAction":[{"@type":"ReadAction","target":["https:\/\/adrasa.itdo.dev\/es\/sostenibilidad\/"]}]},{"@type":"BreadcrumbList","@id":"https:\/\/adrasa.itdo.dev\/es\/sostenibilidad\/#breadcrumb","itemListElement":[{"@type":"ListItem","position":1,"name":"Portada","item":"https:\/\/adrasa.itdo.dev\/es\/"},{"@type":"ListItem","position":2,"name":"Sostenibilidad"}]},{"@type":"WebSite","@id":"https:\/\/adrasa.itdo.dev\/es\/#website","url":"https:\/\/adrasa.itdo.dev\/es\/","name":"ADRASA - Assessors Del Ram d&#039;Aigua, S.A.","description":" Sustainable textile finishing, from lab to scale","publisher":{"@id":"https:\/\/adrasa.itdo.dev\/es\/#organization"},"potentialAction":[{"@type":"SearchAction","target":{"@type":"EntryPoint","urlTemplate":"https:\/\/adrasa.itdo.dev\/es\/?s={search_term_string}"},"query-input":{"@type":"PropertyValueSpecification","valueRequired":true,"valueName":"search_term_string"}}],"inLanguage":"es"},{"@type":"Organization","@id":"https:\/\/adrasa.itdo.dev\/es\/#organization","name":"ADRASA - Assessors Del Ram d&#039;Aigua, S.A.","url":"https:\/\/adrasa.itdo.dev\/es\/","logo":{"@type":"ImageObject","inLanguage":"es","@id":"https:\/\/adrasa.itdo.dev\/es\/#\/schema\/logo\/image\/","url":"https:\/\/adrasa.itdo.dev\/wp-content\/uploads\/2025\/12\/logo_ADRASA_claim.webp","contentUrl":"https:\/\/adrasa.itdo.dev\/wp-content\/uploads\/2025\/12\/logo_ADRASA_claim.webp","width":578,"height":122,"caption":"ADRASA - Assessors Del Ram d&#039;Aigua, S.A."},"image":{"@id":"https:\/\/adrasa.itdo.dev\/es\/#\/schema\/logo\/image\/"}}]}},"_links":{"self":[{"href":"https:\/\/adrasa.itdo.dev\/es\/wp-json\/wp\/v2\/pages\/2237","targetHints":{"allow":["GET"]}}],"collection":[{"href":"https:\/\/adrasa.itdo.dev\/es\/wp-json\/wp\/v2\/pages"}],"about":[{"href":"https:\/\/adrasa.itdo.dev\/es\/wp-json\/wp\/v2\/types\/page"}],"replies":[{"embeddable":true,"href":"https:\/\/adrasa.itdo.dev\/es\/wp-json\/wp\/v2\/comments?post=2237"}],"version-history":[{"count":1,"href":"https:\/\/adrasa.itdo.dev\/es\/wp-json\/wp\/v2\/pages\/2237\/revisions"}],"predecessor-version":[{"id":2252,"href":"https:\/\/adrasa.itdo.dev\/es\/wp-json\/wp\/v2\/pages\/2237\/revisions\/2252"}],"wp:attachment":[{"href":"https:\/\/adrasa.itdo.dev\/es\/wp-json\/wp\/v2\/media?parent=2237"}],"curies":[{"name":"wp","href":"https:\/\/api.w.org\/{rel}","templated":true}]}}