{"id":2222,"date":"2026-01-28T14:08:09","date_gmt":"2026-01-28T13:08:09","guid":{"rendered":"https:\/\/adrasa.itdo.dev\/?page_id=2222"},"modified":"2026-04-09T08:59:04","modified_gmt":"2026-04-09T06:59:04","slug":"textiles-tecnicos","status":"publish","type":"page","link":"https:\/\/adrasa.itdo.dev\/es\/industrias\/textiles-tecnicos\/","title":{"rendered":"Textiles t\u00e9cnicos"},"content":{"rendered":"\t\t<div data-elementor-type=\"wp-page\" data-elementor-id=\"2222\" class=\"elementor elementor-2222 elementor-792\" data-elementor-post-type=\"page\">\n\t\t\t\t<div class=\"elementor-element elementor-element-4b136baf adrasa-interior-hero-section e-flex e-con-boxed e-con e-parent\" data-id=\"4b136baf\" data-element_type=\"container\" data-settings=\"{&quot;background_background&quot;:&quot;classic&quot;}\">\n\t\t\t\t\t<div class=\"e-con-inner\">\n\t\t\t\t<div class=\"elementor-element elementor-element-799b7ba2 interior-industries adrasa-interior-hero elementor-widget elementor-widget-adrasa-hero\" data-id=\"799b7ba2\" data-element_type=\"widget\" data-widget_type=\"adrasa-hero.default\">\n\t\t\t\t<div class=\"elementor-widget-container\">\n\t\t\t\t\t\t\t<section class=\"adrasa-hero adrasa-hero--left\">\n\t\t\t<div class=\"container\">\n\t\t\t\t<div class=\"adrasa-hero__grid\">\n\t\t\t\t\t<div class=\"adrasa-hero__block adrasa-hero__block--top\">\n\n\t\t\t\t\t\t\n\t\t\t\t\t\t\t\t\t<h1 class=\"adrasa-hero__title adrasa-hero__title--stacked\">\n\t\t\t\t\t\t\t<span class=\"adrasa-hero__title-line\">Textiles <span class=\"adrasa-hero__title-italic\">t\u00e9cnico<\/span>s<\/span>\n\t\t\t\t\t\t<\/h1>\n\t\t\n\t\t\t\t\t\t\t\n\t\t\t\t\t\t\t\t\t\t\t\t\t\t\t<div class=\"adrasa-hero__desc-block\"><p>Cuando el rendimiento es cr\u00edtico, la qu\u00edmica marca la diferencia.<br \/><br \/>ADRASA desarrolla sistemas qu\u00edmicos textiles que mejoran la durabilidad, la resistencia y la funcionalidad en aplicaciones t\u00e9cnicas, desde telas de protecci\u00f3n y automoci\u00f3n hasta usos m\u00e9dicos e industriales.<br \/><br \/>Ayudamos a los fabricantes a lograr un rendimiento consistente y confiable en condiciones exigentes.<\/p><\/div>\n\t\t\t\t\t\t\t\n\t\t\t\t\t\t\t\t\t\t\t\t\t\t\n\t\t\t\t\t\t\n\t\t\t\t\t<\/div>\n\n\t\t\t\t\t<div class=\"adrasa-hero__block adrasa-hero__block--bottom\"><\/div>\n\t\t\t\t<\/div>\n\t\t\t<\/div>\n\t\t<\/section>\n\t\t\t\t\t\t<\/div>\n\t\t\t\t<\/div>\n\t\t\t\t<div class=\"elementor-element elementor-element-3ac685b6 interior-industries adrasa-interior-two-column elementor-widget elementor-widget-adrasa-two-column\" data-id=\"3ac685b6\" data-element_type=\"widget\" data-widget_type=\"adrasa-two-column.default\">\n\t\t\t\t<div class=\"elementor-widget-container\">\n\t\t\t\t\t\t\t<section id=\"adrasa-two-col-3ac685b6\" class=\"adrasa-two-col adrasa-two-col--single_card adrasa-two-col--variant-description\">\n\t\t\t<div class=\"container\">\n\t\t\t\t<div class=\"adrasa-two-col__grid\">\n\n\t\t\t\t\t<!-- LEFT -->\n\t\t\t\t\t<div class=\"adrasa-two-col__left\">\n\n\t\t\t\t\t\t\n\t\t\t\t\t\t\t<h2 class=\"adrasa-two-col__title\">\n\t\t\t\t\t\t\t\t<span class=\"adrasa-two-col__title-inner\"><span class=\"adrasa-two-col__title-regular\">Los retos de los textiles t\u00e9cnicos<\/span><\/span>\t\t\t\t\t\t\t<\/h2>\n\n\t\t\t\t\t\t\t\t\t\t\t\t\t\t\t<div class=\"adrasa-two-col__left-text\">\n\t\t\t\t\t\t\t\t\t<p>Los textiles t\u00e9cnicos operan en entornos donde fallar no es una opci\u00f3n.<\/p><p>Los fabricantes deben garantizar resistencia, solidez del color, retardo de llama o impermeabilidad al mismo tiempo que cumplen con estrictos est\u00e1ndares ambientales y de seguridad.<\/p><p><strong>Equilibrar el alto rendimiento con la sostenibilidad requiere qu\u00edmica de precisi\u00f3n y experiencia en procesos.<\/strong><\/p>\t\t\t\t\t\t\t\t<\/div>\n\t\t\t\t\t\t\t\n\t\t\t\t\t\t\t\n\t\t\t\t\t\t\t\n\t\t\t\t\t\t\n\t\t\t\t\t<\/div>\n\n\t\t\t\t\t<!-- RIGHT -->\n\t\t\t\t\t<div class=\"adrasa-two-col__right\">\n\n\t\t\t\t\t\t\n\t\t\t\t\t\t\t<div class=\"adrasa-two-col__card\" style=\"--adrasa-card-bg: url('https:\/\/adrasa.itdo.dev\/wp-content\/uploads\/2026\/01\/glass-fashion-bg.png');\">\n\t\t\t\t\t\t\t\t<div class=\"adrasa-two-col__card-inner\">\n\t\t\t\t\t\t\t\t\t<div class=\"adrasa-two-col__card-body\">\n\n\t\t\t\t\t\t\t\t\t\t\t\t\t\t\t\t\t\t\t\t\t<div class=\"adrasa-two-col__right-title\">\n\t\t\t\t\t\t\t\t\t\t\t\t<span class=\"adrasa-two-col__right-title-inner\"><span class=\"adrasa-two-col__right-title-regular\">C\u00f3mo <\/span><span class=\"adrasa-two-col__right-title-italic\">ayuda<\/span><span class=\"adrasa-two-col__right-title-regular\"> ADRASA<\/span><\/span>\t\t\t\t\t\t\t\t\t\t\t<\/div>\n\t\t\t\t\t\t\t\t\t\t\n\t\t\t\t\t\t\t\t\t\t\n\t\t\t\t\t\t\t\t\t\t\t\t\t\t\t\t\t\t\t\t\t\t\t<div class=\"adrasa-two-col__card-desc\">\n\t\t\t\t\t\t\t\t\t\t\t\t\t<p>En ADRASA, trabajamos estrechamente con productores de textiles t\u00e9cnicos para garantizar que cada formulaci\u00f3n cumpla con los est\u00e1ndares mec\u00e1nicos y funcionales requeridos.<\/p><p>Nuestros sistemas mejoran la adhesi\u00f3n del recubrimiento, mejoran la uni\u00f3n y estabilizan los procesos para obtener resultados consistentes y reproducibles. Dise\u00f1amos acabados que brindan resistencia a la abrasi\u00f3n, el agua y los productos qu\u00edmicos, y al mismo tiempo mantienen la flexibilidad y la comodidad donde sea necesario.<\/p><p>Ya sea para transporte, construcci\u00f3n o ropa de trabajo, nuestra qu\u00edmica respalda la innovaci\u00f3n y la seguridad en cada etapa.<\/p>\t\t\t\t\t\t\t\t\t\t\t\t<\/div>\n\t\t\t\t\t\t\t\t\t\t\t\n\t\t\t\t\t\t\t\t\t\t\n\t\t\t\t\t\t\t\t\t<\/div><!-- \/.card-body -->\n\n\t\t\t\t\t\t\t\t\t\t\t\t\t\t\t\t\t<\/div><!-- \/.card-inner -->\n\t\t\t\t\t\t\t<\/div>\n\n\t\t\t\t\t\t\n\t\t\t\t\t<\/div>\n\t\t\t\t<\/div>\n\t\t\t<\/div>\n\t\t<\/section>\n\t\t\t\t\t\t<\/div>\n\t\t\t\t<\/div>\n\t\t\t\t\t<\/div>\n\t\t\t\t<\/div>\n\t\t<div class=\"elementor-element elementor-element-590897f7 adrasa-pre-footer-section adrasa-interior-pre-footer-section e-flex e-con-boxed e-con e-parent\" data-id=\"590897f7\" data-element_type=\"container\" data-settings=\"{&quot;background_background&quot;:&quot;classic&quot;}\">\n\t\t\t\t\t<div class=\"e-con-inner\">\n\t\t\t\t<div class=\"elementor-element elementor-element-2abd59f3 adrasa-pre-footer-hero adrasa-interior-pre-footer-hero elementor-widget elementor-widget-adrasa-hero\" data-id=\"2abd59f3\" data-element_type=\"widget\" data-widget_type=\"adrasa-hero.default\">\n\t\t\t\t<div class=\"elementor-widget-container\">\n\t\t\t\t\t\t\t<section class=\"adrasa-hero adrasa-hero--center\">\n\t\t\t<div class=\"container\">\n\t\t\t\t<div class=\"adrasa-hero__grid\">\n\t\t\t\t\t<div class=\"adrasa-hero__block adrasa-hero__block--top\">\n\n\t\t\t\t\t\t\n\t\t\t\t\t\t\t\t\t<h2 class=\"adrasa-hero__title adrasa-hero__title--stacked\">\n\t\t\t\t\t\t\t<span class=\"adrasa-hero__title-line\"><span class=\"adrasa-hero__title-italic\">Fiabilidad<\/span> a trav\u00e9s de la innovaci\u00f3n<\/span>\n\t\t\t\t\t\t<\/h2>\n\t\t\n\t\t\t\t\t\t\t\n\t\t\t\t\t\t\t\t\t\t\t\t\t\t\t<div class=\"adrasa-hero__desc-block\"><p><strong>Nuestro compromiso con la investigaci\u00f3n garantiza que cada soluci\u00f3n de ADRASA funcione bajo presi\u00f3n, literalmente.<\/strong><\/p><p>A trav\u00e9s de pruebas avanzadas y desarrollo continuo, creamos formulaciones certificadas ZDHC Nivel 3 sin PFAS que combinan la responsabilidad ambiental con un rendimiento t\u00e9cnico comprobado.<\/p><p>Porque en los textiles t\u00e9cnicos, la confiabilidad no es solo un requisito, es una promesa.<\/p><\/div>\n\t\t\t\t\t\t\t\n\t\t\t\t\t\t\t\t\t\t\t\t\t\t\t\t<div class=\"adrasa-hero__buttons\" aria-label=\"Calls to action\">\n\t\t\t\t\t\t\t\t\t\t\t<a href=\"\/contact\"\n\t\t\t\t\tclass=\"adrasa-hero__btn adrasa-hero__btn--tertiary\">\n\t\t\t\t\t<span class=\"adrasa-hero__btn-text\">Habla con nuestros expertos<\/span>\n\n\t\t\t\t\t\t\t\t\t\t\t<span class=\"adrasa-hero__btn-icon\" aria-hidden=\"true\">\n\t\t\t\t\t\t\t<img decoding=\"async\" src=\"https:\/\/adrasa.itdo.dev\/wp-content\/uploads\/2026\/01\/arrow-up-right-white.svg\" alt=\"\" \/>\n\t\t\t\t\t\t<\/span>\n\t\t\t\t\t\t\t\t\t<\/a>\n\t\t\t\t\t<\/div>\n\t\t\n\t\t\t\t\t\t\n\t\t\t\t\t<\/div>\n\n\t\t\t\t\t<div class=\"adrasa-hero__block adrasa-hero__block--bottom\"><\/div>\n\t\t\t\t<\/div>\n\t\t\t<\/div>\n\t\t<\/section>\n\t\t\t\t\t\t<\/div>\n\t\t\t\t<\/div>\n\t\t\t\t\t<\/div>\n\t\t\t\t<\/div>\n\t\t\t\t<\/div>\n\t\t","protected":false},"excerpt":{"rendered":"<p>Technical Textiles When performance is critical, chemistry makes the difference. ADRASA develops textile chemical systems that enhance durability, resistance, and functionality in technical applications \u2014 from automotive and protective fabrics to medical and industrial uses. We help manufacturers achieve consistent, reliable performance under demanding conditions. The challenges of technical textiles Technical textiles operate in environments [&hellip;]<\/p>\n","protected":false},"author":1,"featured_media":0,"parent":2219,"menu_order":0,"comment_status":"closed","ping_status":"closed","template":"elementor_header_footer","meta":{"_acf_changed":false,"footnotes":""},"class_list":["post-2222","page","type-page","status-publish","hentry"],"acf":[],"yoast_head":"<!-- This site is optimized with the Yoast SEO plugin v26.5 - https:\/\/yoast.com\/wordpress\/plugins\/seo\/ -->\n<title>Textiles t\u00e9cnicos - ADRASA - Assessors Del Ram d&#039;Aigua, S.A.<\/title>\n<meta name=\"description\" content=\"Textiles t\u00e9cnicos Cuando el rendimiento es cr\u00edtico, la qu\u00edmica marca la diferencia. ADRASA desarrolla sistemas qu\u00edmicos textiles que mejoran la durabilidad, resistencia y funcionalidad en aplicaciones t\u00e9cnicas, desde tejidos automotrices y de protecci\u00f3n hasta usos m\u00e9dicos e industriales. Ayudamos a los fabricantes a lograr un rendimiento consistente y confiable en condiciones exigentes.\" \/>\n<meta name=\"robots\" content=\"noindex, follow, max-snippet:-1, max-image-preview:large, max-video-preview:-1\" \/>\n<meta property=\"og:locale\" content=\"es_ES\" \/>\n<meta property=\"og:type\" content=\"article\" \/>\n<meta property=\"og:title\" content=\"Textiles t\u00e9cnicos - ADRASA - Assessors Del Ram d&#039;Aigua, S.A.\" \/>\n<meta property=\"og:description\" content=\"Textiles t\u00e9cnicos Cuando el rendimiento es cr\u00edtico, la qu\u00edmica marca la diferencia. ADRASA desarrolla sistemas qu\u00edmicos textiles que mejoran la durabilidad, resistencia y funcionalidad en aplicaciones t\u00e9cnicas, desde tejidos automotrices y de protecci\u00f3n hasta usos m\u00e9dicos e industriales. Ayudamos a los fabricantes a lograr un rendimiento consistente y confiable en condiciones exigentes.\" \/>\n<meta property=\"og:url\" content=\"https:\/\/adrasa.itdo.dev\/es\/industrias\/textiles-tecnicos\/\" \/>\n<meta property=\"og:site_name\" content=\"ADRASA - Assessors Del Ram d&#039;Aigua, S.A.\" \/>\n<meta property=\"article:modified_time\" content=\"2026-04-09T06:59:04+00:00\" \/>\n<meta property=\"og:image\" content=\"https:\/\/adrasa.itdo.dev\/wp-content\/uploads\/2026\/01\/arrow-up-right-white.svg\" \/>\n<meta name=\"twitter:card\" content=\"summary_large_image\" \/>\n<meta name=\"twitter:label1\" content=\"Tiempo de lectura\" \/>\n\t<meta name=\"twitter:data1\" content=\"1 minuto\" \/>\n<script type=\"application\/ld+json\" class=\"yoast-schema-graph\">{\"@context\":\"https:\/\/schema.org\",\"@graph\":[{\"@type\":\"WebPage\",\"@id\":\"https:\/\/adrasa.itdo.dev\/es\/industrias\/textiles-tecnicos\/\",\"url\":\"https:\/\/adrasa.itdo.dev\/es\/industrias\/textiles-tecnicos\/\",\"name\":\"Textiles t\u00e9cnicos - ADRASA - Assessors Del Ram d&#039;Aigua, S.A.\",\"isPartOf\":{\"@id\":\"https:\/\/adrasa.itdo.dev\/es\/#website\"},\"primaryImageOfPage\":{\"@id\":\"https:\/\/adrasa.itdo.dev\/es\/industrias\/textiles-tecnicos\/#primaryimage\"},\"image\":{\"@id\":\"https:\/\/adrasa.itdo.dev\/es\/industrias\/textiles-tecnicos\/#primaryimage\"},\"thumbnailUrl\":\"https:\/\/adrasa.itdo.dev\/wp-content\/uploads\/2026\/01\/arrow-up-right-white.svg\",\"datePublished\":\"2026-01-28T13:08:09+00:00\",\"dateModified\":\"2026-04-09T06:59:04+00:00\",\"description\":\"Textiles t\u00e9cnicos Cuando el rendimiento es cr\u00edtico, la qu\u00edmica marca la diferencia. ADRASA desarrolla sistemas qu\u00edmicos textiles que mejoran la durabilidad, resistencia y funcionalidad en aplicaciones t\u00e9cnicas, desde tejidos automotrices y de protecci\u00f3n hasta usos m\u00e9dicos e industriales. Ayudamos a los fabricantes a lograr un rendimiento consistente y confiable en condiciones exigentes.\",\"breadcrumb\":{\"@id\":\"https:\/\/adrasa.itdo.dev\/es\/industrias\/textiles-tecnicos\/#breadcrumb\"},\"inLanguage\":\"es\",\"potentialAction\":[{\"@type\":\"ReadAction\",\"target\":[\"https:\/\/adrasa.itdo.dev\/es\/industrias\/textiles-tecnicos\/\"]}]},{\"@type\":\"ImageObject\",\"inLanguage\":\"es\",\"@id\":\"https:\/\/adrasa.itdo.dev\/es\/industrias\/textiles-tecnicos\/#primaryimage\",\"url\":\"https:\/\/adrasa.itdo.dev\/wp-content\/uploads\/2026\/01\/arrow-up-right-white.svg\",\"contentUrl\":\"https:\/\/adrasa.itdo.dev\/wp-content\/uploads\/2026\/01\/arrow-up-right-white.svg\"},{\"@type\":\"BreadcrumbList\",\"@id\":\"https:\/\/adrasa.itdo.dev\/es\/industrias\/textiles-tecnicos\/#breadcrumb\",\"itemListElement\":[{\"@type\":\"ListItem\",\"position\":1,\"name\":\"Portada\",\"item\":\"https:\/\/adrasa.itdo.dev\/es\/\"},{\"@type\":\"ListItem\",\"position\":2,\"name\":\"Industrias\",\"item\":\"https:\/\/adrasa.itdo.dev\/es\/industrias\/\"},{\"@type\":\"ListItem\",\"position\":3,\"name\":\"Textiles t\u00e9cnicos\"}]},{\"@type\":\"WebSite\",\"@id\":\"https:\/\/adrasa.itdo.dev\/es\/#website\",\"url\":\"https:\/\/adrasa.itdo.dev\/es\/\",\"name\":\"ADRASA - Assessors Del Ram d&#039;Aigua, S.A.\",\"description\":\" Sustainable textile finishing, from lab to scale\",\"publisher\":{\"@id\":\"https:\/\/adrasa.itdo.dev\/es\/#organization\"},\"potentialAction\":[{\"@type\":\"SearchAction\",\"target\":{\"@type\":\"EntryPoint\",\"urlTemplate\":\"https:\/\/adrasa.itdo.dev\/es\/?s={search_term_string}\"},\"query-input\":{\"@type\":\"PropertyValueSpecification\",\"valueRequired\":true,\"valueName\":\"search_term_string\"}}],\"inLanguage\":\"es\"},{\"@type\":\"Organization\",\"@id\":\"https:\/\/adrasa.itdo.dev\/es\/#organization\",\"name\":\"ADRASA - Assessors Del Ram d&#039;Aigua, S.A.\",\"url\":\"https:\/\/adrasa.itdo.dev\/es\/\",\"logo\":{\"@type\":\"ImageObject\",\"inLanguage\":\"es\",\"@id\":\"https:\/\/adrasa.itdo.dev\/es\/#\/schema\/logo\/image\/\",\"url\":\"https:\/\/adrasa.itdo.dev\/wp-content\/uploads\/2025\/12\/logo_ADRASA_claim.webp\",\"contentUrl\":\"https:\/\/adrasa.itdo.dev\/wp-content\/uploads\/2025\/12\/logo_ADRASA_claim.webp\",\"width\":578,\"height\":122,\"caption\":\"ADRASA - Assessors Del Ram d&#039;Aigua, S.A.\"},\"image\":{\"@id\":\"https:\/\/adrasa.itdo.dev\/es\/#\/schema\/logo\/image\/\"}}]}<\/script>\n<!-- \/ Yoast SEO plugin. -->","yoast_head_json":{"title":"Textiles t\u00e9cnicos - ADRASA - Assessors Del Ram d&#039;Aigua, S.A.","description":"Textiles t\u00e9cnicos Cuando el rendimiento es cr\u00edtico, la qu\u00edmica marca la diferencia. ADRASA desarrolla sistemas qu\u00edmicos textiles que mejoran la durabilidad, resistencia y funcionalidad en aplicaciones t\u00e9cnicas, desde tejidos automotrices y de protecci\u00f3n hasta usos m\u00e9dicos e industriales. Ayudamos a los fabricantes a lograr un rendimiento consistente y confiable en condiciones exigentes.","robots":{"index":"noindex","follow":"follow","max-snippet":"max-snippet:-1","max-image-preview":"max-image-preview:large","max-video-preview":"max-video-preview:-1"},"og_locale":"es_ES","og_type":"article","og_title":"Textiles t\u00e9cnicos - ADRASA - Assessors Del Ram d&#039;Aigua, S.A.","og_description":"Textiles t\u00e9cnicos Cuando el rendimiento es cr\u00edtico, la qu\u00edmica marca la diferencia. ADRASA desarrolla sistemas qu\u00edmicos textiles que mejoran la durabilidad, resistencia y funcionalidad en aplicaciones t\u00e9cnicas, desde tejidos automotrices y de protecci\u00f3n hasta usos m\u00e9dicos e industriales. Ayudamos a los fabricantes a lograr un rendimiento consistente y confiable en condiciones exigentes.","og_url":"https:\/\/adrasa.itdo.dev\/es\/industrias\/textiles-tecnicos\/","og_site_name":"ADRASA - Assessors Del Ram d&#039;Aigua, S.A.","article_modified_time":"2026-04-09T06:59:04+00:00","og_image":[{"url":"https:\/\/adrasa.itdo.dev\/wp-content\/uploads\/2026\/01\/arrow-up-right-white.svg","type":"","width":"","height":""}],"twitter_card":"summary_large_image","twitter_misc":{"Tiempo de lectura":"1 minuto"},"schema":{"@context":"https:\/\/schema.org","@graph":[{"@type":"WebPage","@id":"https:\/\/adrasa.itdo.dev\/es\/industrias\/textiles-tecnicos\/","url":"https:\/\/adrasa.itdo.dev\/es\/industrias\/textiles-tecnicos\/","name":"Textiles t\u00e9cnicos - ADRASA - Assessors Del Ram d&#039;Aigua, S.A.","isPartOf":{"@id":"https:\/\/adrasa.itdo.dev\/es\/#website"},"primaryImageOfPage":{"@id":"https:\/\/adrasa.itdo.dev\/es\/industrias\/textiles-tecnicos\/#primaryimage"},"image":{"@id":"https:\/\/adrasa.itdo.dev\/es\/industrias\/textiles-tecnicos\/#primaryimage"},"thumbnailUrl":"https:\/\/adrasa.itdo.dev\/wp-content\/uploads\/2026\/01\/arrow-up-right-white.svg","datePublished":"2026-01-28T13:08:09+00:00","dateModified":"2026-04-09T06:59:04+00:00","description":"Textiles t\u00e9cnicos Cuando el rendimiento es cr\u00edtico, la qu\u00edmica marca la diferencia. ADRASA desarrolla sistemas qu\u00edmicos textiles que mejoran la durabilidad, resistencia y funcionalidad en aplicaciones t\u00e9cnicas, desde tejidos automotrices y de protecci\u00f3n hasta usos m\u00e9dicos e industriales. Ayudamos a los fabricantes a lograr un rendimiento consistente y confiable en condiciones exigentes.","breadcrumb":{"@id":"https:\/\/adrasa.itdo.dev\/es\/industrias\/textiles-tecnicos\/#breadcrumb"},"inLanguage":"es","potentialAction":[{"@type":"ReadAction","target":["https:\/\/adrasa.itdo.dev\/es\/industrias\/textiles-tecnicos\/"]}]},{"@type":"ImageObject","inLanguage":"es","@id":"https:\/\/adrasa.itdo.dev\/es\/industrias\/textiles-tecnicos\/#primaryimage","url":"https:\/\/adrasa.itdo.dev\/wp-content\/uploads\/2026\/01\/arrow-up-right-white.svg","contentUrl":"https:\/\/adrasa.itdo.dev\/wp-content\/uploads\/2026\/01\/arrow-up-right-white.svg"},{"@type":"BreadcrumbList","@id":"https:\/\/adrasa.itdo.dev\/es\/industrias\/textiles-tecnicos\/#breadcrumb","itemListElement":[{"@type":"ListItem","position":1,"name":"Portada","item":"https:\/\/adrasa.itdo.dev\/es\/"},{"@type":"ListItem","position":2,"name":"Industrias","item":"https:\/\/adrasa.itdo.dev\/es\/industrias\/"},{"@type":"ListItem","position":3,"name":"Textiles t\u00e9cnicos"}]},{"@type":"WebSite","@id":"https:\/\/adrasa.itdo.dev\/es\/#website","url":"https:\/\/adrasa.itdo.dev\/es\/","name":"ADRASA - Assessors Del Ram d&#039;Aigua, S.A.","description":" Sustainable textile finishing, from lab to scale","publisher":{"@id":"https:\/\/adrasa.itdo.dev\/es\/#organization"},"potentialAction":[{"@type":"SearchAction","target":{"@type":"EntryPoint","urlTemplate":"https:\/\/adrasa.itdo.dev\/es\/?s={search_term_string}"},"query-input":{"@type":"PropertyValueSpecification","valueRequired":true,"valueName":"search_term_string"}}],"inLanguage":"es"},{"@type":"Organization","@id":"https:\/\/adrasa.itdo.dev\/es\/#organization","name":"ADRASA - Assessors Del Ram d&#039;Aigua, S.A.","url":"https:\/\/adrasa.itdo.dev\/es\/","logo":{"@type":"ImageObject","inLanguage":"es","@id":"https:\/\/adrasa.itdo.dev\/es\/#\/schema\/logo\/image\/","url":"https:\/\/adrasa.itdo.dev\/wp-content\/uploads\/2025\/12\/logo_ADRASA_claim.webp","contentUrl":"https:\/\/adrasa.itdo.dev\/wp-content\/uploads\/2025\/12\/logo_ADRASA_claim.webp","width":578,"height":122,"caption":"ADRASA - Assessors Del Ram d&#039;Aigua, S.A."},"image":{"@id":"https:\/\/adrasa.itdo.dev\/es\/#\/schema\/logo\/image\/"}}]}},"_links":{"self":[{"href":"https:\/\/adrasa.itdo.dev\/es\/wp-json\/wp\/v2\/pages\/2222","targetHints":{"allow":["GET"]}}],"collection":[{"href":"https:\/\/adrasa.itdo.dev\/es\/wp-json\/wp\/v2\/pages"}],"about":[{"href":"https:\/\/adrasa.itdo.dev\/es\/wp-json\/wp\/v2\/types\/page"}],"author":[{"embeddable":true,"href":"https:\/\/adrasa.itdo.dev\/es\/wp-json\/wp\/v2\/users\/1"}],"replies":[{"embeddable":true,"href":"https:\/\/adrasa.itdo.dev\/es\/wp-json\/wp\/v2\/comments?post=2222"}],"version-history":[{"count":2,"href":"https:\/\/adrasa.itdo.dev\/es\/wp-json\/wp\/v2\/pages\/2222\/revisions"}],"predecessor-version":[{"id":2236,"href":"https:\/\/adrasa.itdo.dev\/es\/wp-json\/wp\/v2\/pages\/2222\/revisions\/2236"}],"up":[{"embeddable":true,"href":"https:\/\/adrasa.itdo.dev\/es\/wp-json\/wp\/v2\/pages\/2219"}],"wp:attachment":[{"href":"https:\/\/adrasa.itdo.dev\/es\/wp-json\/wp\/v2\/media?parent=2222"}],"curies":[{"name":"wp","href":"https:\/\/api.w.org\/{rel}","templated":true}]}}