{"id":2215,"date":"2026-04-08T20:11:15","date_gmt":"2026-04-08T18:11:15","guid":{"rendered":"https:\/\/adrasa.itdo.dev\/soluciones\/acabado\/"},"modified":"2026-04-08T20:11:17","modified_gmt":"2026-04-08T18:11:17","slug":"acabado","status":"publish","type":"page","link":"https:\/\/adrasa.itdo.dev\/es\/soluciones\/acabado\/","title":{"rendered":"Acabado"},"content":{"rendered":"\t\t<div data-elementor-type=\"wp-page\" data-elementor-id=\"2215\" class=\"elementor elementor-2215 elementor-2045\" data-elementor-post-type=\"page\">\n\t\t\t\t<div class=\"elementor-element elementor-element-eb54123 e-flex e-con-boxed e-con e-parent\" data-id=\"eb54123\" data-element_type=\"container\" data-settings=\"{&quot;background_background&quot;:&quot;classic&quot;}\">\n\t\t\t\t\t<div class=\"e-con-inner\">\n\t\t\t\t<div class=\"elementor-element elementor-element-3ad4d5b interior-industries elementor-widget elementor-widget-adrasa-hero\" data-id=\"3ad4d5b\" data-element_type=\"widget\" data-widget_type=\"adrasa-hero.default\">\n\t\t\t\t<div class=\"elementor-widget-container\">\n\t\t\t\t\t\t\t<section class=\"adrasa-hero adrasa-hero--left\">\n\t\t\t<div class=\"container\">\n\t\t\t\t<div class=\"adrasa-hero__grid\">\n\t\t\t\t\t<div class=\"adrasa-hero__block adrasa-hero__block--top\">\n\n\t\t\t\t\t\t\n\t\t\t\t\t\t\t\t\t<h1 class=\"adrasa-hero__title adrasa-hero__title--stacked\">\n\t\t\t\t\t\t\t<span class=\"adrasa-hero__title-line\"><span class=\"adrasa-hero__title-italic\">Acabado<\/span><\/span>\n\t\t\t\t\t\t<\/h1>\n\t\t\n\t\t\t\t\t\t\t\n\t\t\t\t\t\t\t\t\t\t\t\t\t\t\t<div class=\"adrasa-hero__desc-block\"><p>Terminar es donde el desempe\u00f1o se vuelve tangible. ADRASA desarrolla sistemas de acabado que ayudan a las f\u00e1bricas a ofrecer durabilidad, comodidad, protecci\u00f3n y tacto con la confiabilidad t\u00e9cnica que exigen los mercados textiles actuales.<\/p>\n<p>Nuestras soluciones est\u00e1n dise\u00f1adas para combinar innovaci\u00f3n, sostenibilidad y excelencia t\u00e9cnica en condiciones de producci\u00f3n reales.<\/p><\/div>\n\t\t\t\t\t\t\t\n\t\t\t\t\t\t\t\t\t\t\t\t\t\t\n\t\t\t\t\t\t\n\t\t\t\t\t<\/div>\n\n\t\t\t\t\t<div class=\"adrasa-hero__block adrasa-hero__block--bottom\"><\/div>\n\t\t\t\t<\/div>\n\t\t\t<\/div>\n\t\t<\/section>\n\t\t\t\t\t\t<\/div>\n\t\t\t\t<\/div>\n\t\t\t\t<div class=\"elementor-element elementor-element-08fc17b interior-industries elementor-widget elementor-widget-adrasa-two-column\" data-id=\"08fc17b\" data-element_type=\"widget\" data-widget_type=\"adrasa-two-column.default\">\n\t\t\t\t<div class=\"elementor-widget-container\">\n\t\t\t\t\t\t\t<section id=\"adrasa-two-col-08fc17b\" class=\"adrasa-two-col adrasa-two-col--single_card adrasa-two-col--variant-description\">\n\t\t\t<div class=\"container\">\n\t\t\t\t<div class=\"adrasa-two-col__grid\">\n\n\t\t\t\t\t<!-- LEFT -->\n\t\t\t\t\t<div class=\"adrasa-two-col__left\">\n\n\t\t\t\t\t\t\n\t\t\t\t\t\t\t<h2 class=\"adrasa-two-col__title\">\n\t\t\t\t\t\t\t\t<span class=\"adrasa-two-col__title-inner\"><span class=\"adrasa-two-col__title-regular\">Desaf\u00edos en el acabado textil<\/span><\/span>\t\t\t\t\t\t\t<\/h2>\n\n\t\t\t\t\t\t\t\t\t\t\t\t\t\t\t<div class=\"adrasa-two-col__left-text\">\n\t\t\t\t\t\t\t\t\t<p>El acabado tiene que crear un valor diferenciado y, al mismo tiempo, cumplir con estrictas expectativas en cuanto a durabilidad, cumplimiento, comodidad y repetibilidad.<\/p><p>Los mercados exigen cada vez m\u00e1s repelencia sin PFAS, durabilidad y f\u00e1cil cuidado, y color y tacto controlados, pero las afirmaciones de rendimiento solo importan cuando se pueden entregar de manera consistente en la producci\u00f3n.<\/p>\t\t\t\t\t\t\t\t<\/div>\n\t\t\t\t\t\t\t\n\t\t\t\t\t\t\t\n\t\t\t\t\t\t\t\n\t\t\t\t\t\t\n\t\t\t\t\t<\/div>\n\n\t\t\t\t\t<!-- RIGHT -->\n\t\t\t\t\t<div class=\"adrasa-two-col__right\">\n\n\t\t\t\t\t\t\n\t\t\t\t\t\t\t<div class=\"adrasa-two-col__card\" style=\"--adrasa-card-bg: url('https:\/\/adrasa.itdo.dev\/wp-content\/uploads\/2026\/01\/glass-fashion-bg.png');\">\n\t\t\t\t\t\t\t\t<div class=\"adrasa-two-col__card-inner\">\n\t\t\t\t\t\t\t\t\t<div class=\"adrasa-two-col__card-body\">\n\n\t\t\t\t\t\t\t\t\t\t\t\t\t\t\t\t\t\t\t\t\t<div class=\"adrasa-two-col__right-title\">\n\t\t\t\t\t\t\t\t\t\t\t\t<span class=\"adrasa-two-col__right-title-inner\"><span class=\"adrasa-two-col__right-title-regular\">C\u00f3mo <\/span><span class=\"adrasa-two-col__right-title-italic\">ayuda<\/span><span class=\"adrasa-two-col__right-title-regular\"> ADRASA<\/span><\/span>\t\t\t\t\t\t\t\t\t\t\t<\/div>\n\t\t\t\t\t\t\t\t\t\t\n\t\t\t\t\t\t\t\t\t\t\n\t\t\t\t\t\t\t\t\t\t\t\t\t\t\t\t\t\t\t\t\t\t\t<div class=\"adrasa-two-col__card-desc\">\n\t\t\t\t\t\t\t\t\t\t\t\t\tDesarrollamos productos qu\u00edmicos de acabado que respaldan el rendimiento, el cumplimiento y la eficiencia de implementaci\u00f3n en diferentes usos finales y sustratos. ADRASA ayuda a los equipos a validar acabados funcionales en condiciones que reflejan limitaciones industriales reales.\t\t\t\t\t\t\t\t\t\t\t\t<\/div>\n\t\t\t\t\t\t\t\t\t\t\t\n\t\t\t\t\t\t\t\t\t\t\n\t\t\t\t\t\t\t\t\t<\/div><!-- \/.card-body -->\n\n\t\t\t\t\t\t\t\t\t\t\t\t\t\t\t\t\t<\/div><!-- \/.card-inner -->\n\t\t\t\t\t\t\t<\/div>\n\n\t\t\t\t\t\t\n\t\t\t\t\t<\/div>\n\t\t\t\t<\/div>\n\t\t\t<\/div>\n\t\t<\/section>\n\t\t\t\t\t\t<\/div>\n\t\t\t\t<\/div>\n\t\t\t\t\t<\/div>\n\t\t\t\t<\/div>\n\t\t<div class=\"elementor-element elementor-element-20c301da e-flex e-con-boxed e-con e-parent\" data-id=\"20c301da\" data-element_type=\"container\" data-settings=\"{&quot;background_background&quot;:&quot;classic&quot;}\">\n\t\t\t\t\t<div class=\"e-con-inner\">\n\t\t\t\t<div class=\"elementor-element elementor-element-6d0914e elementor-widget elementor-widget-adrasa-hero\" data-id=\"6d0914e\" data-element_type=\"widget\" data-widget_type=\"adrasa-hero.default\">\n\t\t\t\t<div class=\"elementor-widget-container\">\n\t\t\t\t\t\t\t<section class=\"adrasa-hero adrasa-hero--center\">\n\t\t\t<div class=\"container\">\n\t\t\t\t<div class=\"adrasa-hero__grid\">\n\t\t\t\t\t<div class=\"adrasa-hero__block adrasa-hero__block--top\">\n\n\t\t\t\t\t\t\n\t\t\t\t\t\t\t\t\t<h2 class=\"adrasa-hero__title adrasa-hero__title--stacked\">\n\t\t\t\t\t\t\t<span class=\"adrasa-hero__title-line\">Terminando con <span class=\"adrasa-hero__title-italic\">confianza<\/span><\/span>\n\t\t\t\t\t\t<\/h2>\n\t\t\n\t\t\t\t\t\t\t\n\t\t\t\t\t\t\t\t\t\t\t\t\t\t\t<div class=\"adrasa-hero__desc-block\"><p>Desde la implementaci\u00f3n del laboratorio a la planta hasta la optimizaci\u00f3n a largo plazo, ADRASA ayuda a las f\u00e1bricas a transformar la qu\u00edmica de acabado en un valor de producto confiable.<\/p><\/div>\n\t\t\t\t\t\t\t\n\t\t\t\t\t\t\t\t\t\t\t\t\t\t\t\t<div class=\"adrasa-hero__buttons\" aria-label=\"Calls to action\">\n\t\t\t\t\t\t\t\t\t\t\t<a href=\"\/contact\"\n\t\t\t\t\tclass=\"adrasa-hero__btn adrasa-hero__btn--tertiary\">\n\t\t\t\t\t<span class=\"adrasa-hero__btn-text\">Hable con NUESTROS expertos<\/span>\n\n\t\t\t\t\t\t\t\t\t\t\t<span class=\"adrasa-hero__btn-icon\" aria-hidden=\"true\">\n\t\t\t\t\t\t\t<img decoding=\"async\" src=\"https:\/\/adrasa.itdo.dev\/wp-content\/uploads\/2026\/01\/arrow-up-right-white.svg\" alt=\"\" \/>\n\t\t\t\t\t\t<\/span>\n\t\t\t\t\t\t\t\t\t<\/a>\n\t\t\t\t\t<\/div>\n\t\t\n\t\t\t\t\t\t\n\t\t\t\t\t<\/div>\n\n\t\t\t\t\t<div class=\"adrasa-hero__block adrasa-hero__block--bottom\"><\/div>\n\t\t\t\t<\/div>\n\t\t\t<\/div>\n\t\t<\/section>\n\t\t\t\t\t\t<\/div>\n\t\t\t\t<\/div>\n\t\t\t\t\t<\/div>\n\t\t\t\t<\/div>\n\t\t\t\t<\/div>\n\t\t","protected":false},"excerpt":{"rendered":"<p>Refinamiento Terminar es donde el desempe\u00f1o se vuelve tangible. ADRASA desarrolla sistemas de acabado que ayudan a las f\u00e1bricas a ofrecer durabilidad, comodidad, protecci\u00f3n y tacto con la confiabilidad t\u00e9cnica que exigen los mercados textiles actuales. Nuestras soluciones est\u00e1n dise\u00f1adas para combinar innovaci\u00f3n, sostenibilidad y excelencia t\u00e9cnica en condiciones de producci\u00f3n reales. Desaf\u00edos en el [&hellip;]<\/p>\n","protected":false},"author":0,"featured_media":0,"parent":2205,"menu_order":0,"comment_status":"closed","ping_status":"closed","template":"elementor_header_footer","meta":{"_acf_changed":false,"footnotes":""},"class_list":["post-2215","page","type-page","status-publish","hentry"],"acf":[],"yoast_head":"<!-- This site is optimized with the Yoast SEO plugin v26.5 - https:\/\/yoast.com\/wordpress\/plugins\/seo\/ -->\n<title>Acabado - ADRASA - Assessors Del Ram d&#039;Aigua, S.A.<\/title>\n<meta name=\"robots\" content=\"noindex, follow, max-snippet:-1, max-image-preview:large, max-video-preview:-1\" \/>\n<meta property=\"og:locale\" content=\"es_ES\" \/>\n<meta property=\"og:type\" content=\"article\" \/>\n<meta property=\"og:title\" content=\"Acabado - ADRASA - Assessors Del Ram d&#039;Aigua, S.A.\" \/>\n<meta property=\"og:description\" content=\"Refinamiento Terminar es donde el desempe\u00f1o se vuelve tangible. ADRASA desarrolla sistemas de acabado que ayudan a las f\u00e1bricas a ofrecer durabilidad, comodidad, protecci\u00f3n y tacto con la confiabilidad t\u00e9cnica que exigen los mercados textiles actuales. Nuestras soluciones est\u00e1n dise\u00f1adas para combinar innovaci\u00f3n, sostenibilidad y excelencia t\u00e9cnica en condiciones de producci\u00f3n reales. Desaf\u00edos en el [&hellip;]\" \/>\n<meta property=\"og:url\" content=\"https:\/\/adrasa.itdo.dev\/es\/soluciones\/acabado\/\" \/>\n<meta property=\"og:site_name\" content=\"ADRASA - Assessors Del Ram d&#039;Aigua, S.A.\" \/>\n<meta property=\"article:modified_time\" content=\"2026-04-08T18:11:17+00:00\" \/>\n<meta property=\"og:image\" content=\"https:\/\/adrasa.itdo.dev\/wp-content\/uploads\/2026\/01\/arrow-up-right-white.svg\" \/>\n<meta name=\"twitter:card\" content=\"summary_large_image\" \/>\n<meta name=\"twitter:label1\" content=\"Tiempo de lectura\" \/>\n\t<meta name=\"twitter:data1\" content=\"1 minuto\" \/>\n<script type=\"application\/ld+json\" class=\"yoast-schema-graph\">{\"@context\":\"https:\/\/schema.org\",\"@graph\":[{\"@type\":\"WebPage\",\"@id\":\"https:\/\/adrasa.itdo.dev\/es\/soluciones\/acabado\/\",\"url\":\"https:\/\/adrasa.itdo.dev\/es\/soluciones\/acabado\/\",\"name\":\"Acabado - ADRASA - Assessors Del Ram d&#039;Aigua, S.A.\",\"isPartOf\":{\"@id\":\"https:\/\/adrasa.itdo.dev\/es\/#website\"},\"primaryImageOfPage\":{\"@id\":\"https:\/\/adrasa.itdo.dev\/es\/soluciones\/acabado\/#primaryimage\"},\"image\":{\"@id\":\"https:\/\/adrasa.itdo.dev\/es\/soluciones\/acabado\/#primaryimage\"},\"thumbnailUrl\":\"https:\/\/adrasa.itdo.dev\/wp-content\/uploads\/2026\/01\/arrow-up-right-white.svg\",\"datePublished\":\"2026-04-08T18:11:15+00:00\",\"dateModified\":\"2026-04-08T18:11:17+00:00\",\"breadcrumb\":{\"@id\":\"https:\/\/adrasa.itdo.dev\/es\/soluciones\/acabado\/#breadcrumb\"},\"inLanguage\":\"es\",\"potentialAction\":[{\"@type\":\"ReadAction\",\"target\":[\"https:\/\/adrasa.itdo.dev\/es\/soluciones\/acabado\/\"]}]},{\"@type\":\"ImageObject\",\"inLanguage\":\"es\",\"@id\":\"https:\/\/adrasa.itdo.dev\/es\/soluciones\/acabado\/#primaryimage\",\"url\":\"https:\/\/adrasa.itdo.dev\/wp-content\/uploads\/2026\/01\/arrow-up-right-white.svg\",\"contentUrl\":\"https:\/\/adrasa.itdo.dev\/wp-content\/uploads\/2026\/01\/arrow-up-right-white.svg\"},{\"@type\":\"BreadcrumbList\",\"@id\":\"https:\/\/adrasa.itdo.dev\/es\/soluciones\/acabado\/#breadcrumb\",\"itemListElement\":[{\"@type\":\"ListItem\",\"position\":1,\"name\":\"Portada\",\"item\":\"https:\/\/adrasa.itdo.dev\/es\/\"},{\"@type\":\"ListItem\",\"position\":2,\"name\":\"Soluciones\",\"item\":\"https:\/\/adrasa.itdo.dev\/es\/soluciones\/\"},{\"@type\":\"ListItem\",\"position\":3,\"name\":\"Acabado\"}]},{\"@type\":\"WebSite\",\"@id\":\"https:\/\/adrasa.itdo.dev\/es\/#website\",\"url\":\"https:\/\/adrasa.itdo.dev\/es\/\",\"name\":\"ADRASA - Assessors Del Ram d&#039;Aigua, S.A.\",\"description\":\" Sustainable textile finishing, from lab to scale\",\"publisher\":{\"@id\":\"https:\/\/adrasa.itdo.dev\/es\/#organization\"},\"potentialAction\":[{\"@type\":\"SearchAction\",\"target\":{\"@type\":\"EntryPoint\",\"urlTemplate\":\"https:\/\/adrasa.itdo.dev\/es\/?s={search_term_string}\"},\"query-input\":{\"@type\":\"PropertyValueSpecification\",\"valueRequired\":true,\"valueName\":\"search_term_string\"}}],\"inLanguage\":\"es\"},{\"@type\":\"Organization\",\"@id\":\"https:\/\/adrasa.itdo.dev\/es\/#organization\",\"name\":\"ADRASA - Assessors Del Ram d&#039;Aigua, S.A.\",\"url\":\"https:\/\/adrasa.itdo.dev\/es\/\",\"logo\":{\"@type\":\"ImageObject\",\"inLanguage\":\"es\",\"@id\":\"https:\/\/adrasa.itdo.dev\/es\/#\/schema\/logo\/image\/\",\"url\":\"https:\/\/adrasa.itdo.dev\/wp-content\/uploads\/2025\/12\/logo_ADRASA_claim.webp\",\"contentUrl\":\"https:\/\/adrasa.itdo.dev\/wp-content\/uploads\/2025\/12\/logo_ADRASA_claim.webp\",\"width\":578,\"height\":122,\"caption\":\"ADRASA - Assessors Del Ram d&#039;Aigua, S.A.\"},\"image\":{\"@id\":\"https:\/\/adrasa.itdo.dev\/es\/#\/schema\/logo\/image\/\"}}]}<\/script>\n<!-- \/ Yoast SEO plugin. -->","yoast_head_json":{"title":"Acabado - ADRASA - Assessors Del Ram d&#039;Aigua, S.A.","robots":{"index":"noindex","follow":"follow","max-snippet":"max-snippet:-1","max-image-preview":"max-image-preview:large","max-video-preview":"max-video-preview:-1"},"og_locale":"es_ES","og_type":"article","og_title":"Acabado - ADRASA - Assessors Del Ram d&#039;Aigua, S.A.","og_description":"Refinamiento Terminar es donde el desempe\u00f1o se vuelve tangible. ADRASA desarrolla sistemas de acabado que ayudan a las f\u00e1bricas a ofrecer durabilidad, comodidad, protecci\u00f3n y tacto con la confiabilidad t\u00e9cnica que exigen los mercados textiles actuales. Nuestras soluciones est\u00e1n dise\u00f1adas para combinar innovaci\u00f3n, sostenibilidad y excelencia t\u00e9cnica en condiciones de producci\u00f3n reales. Desaf\u00edos en el [&hellip;]","og_url":"https:\/\/adrasa.itdo.dev\/es\/soluciones\/acabado\/","og_site_name":"ADRASA - Assessors Del Ram d&#039;Aigua, S.A.","article_modified_time":"2026-04-08T18:11:17+00:00","og_image":[{"url":"https:\/\/adrasa.itdo.dev\/wp-content\/uploads\/2026\/01\/arrow-up-right-white.svg","type":"","width":"","height":""}],"twitter_card":"summary_large_image","twitter_misc":{"Tiempo de lectura":"1 minuto"},"schema":{"@context":"https:\/\/schema.org","@graph":[{"@type":"WebPage","@id":"https:\/\/adrasa.itdo.dev\/es\/soluciones\/acabado\/","url":"https:\/\/adrasa.itdo.dev\/es\/soluciones\/acabado\/","name":"Acabado - ADRASA - Assessors Del Ram d&#039;Aigua, S.A.","isPartOf":{"@id":"https:\/\/adrasa.itdo.dev\/es\/#website"},"primaryImageOfPage":{"@id":"https:\/\/adrasa.itdo.dev\/es\/soluciones\/acabado\/#primaryimage"},"image":{"@id":"https:\/\/adrasa.itdo.dev\/es\/soluciones\/acabado\/#primaryimage"},"thumbnailUrl":"https:\/\/adrasa.itdo.dev\/wp-content\/uploads\/2026\/01\/arrow-up-right-white.svg","datePublished":"2026-04-08T18:11:15+00:00","dateModified":"2026-04-08T18:11:17+00:00","breadcrumb":{"@id":"https:\/\/adrasa.itdo.dev\/es\/soluciones\/acabado\/#breadcrumb"},"inLanguage":"es","potentialAction":[{"@type":"ReadAction","target":["https:\/\/adrasa.itdo.dev\/es\/soluciones\/acabado\/"]}]},{"@type":"ImageObject","inLanguage":"es","@id":"https:\/\/adrasa.itdo.dev\/es\/soluciones\/acabado\/#primaryimage","url":"https:\/\/adrasa.itdo.dev\/wp-content\/uploads\/2026\/01\/arrow-up-right-white.svg","contentUrl":"https:\/\/adrasa.itdo.dev\/wp-content\/uploads\/2026\/01\/arrow-up-right-white.svg"},{"@type":"BreadcrumbList","@id":"https:\/\/adrasa.itdo.dev\/es\/soluciones\/acabado\/#breadcrumb","itemListElement":[{"@type":"ListItem","position":1,"name":"Portada","item":"https:\/\/adrasa.itdo.dev\/es\/"},{"@type":"ListItem","position":2,"name":"Soluciones","item":"https:\/\/adrasa.itdo.dev\/es\/soluciones\/"},{"@type":"ListItem","position":3,"name":"Acabado"}]},{"@type":"WebSite","@id":"https:\/\/adrasa.itdo.dev\/es\/#website","url":"https:\/\/adrasa.itdo.dev\/es\/","name":"ADRASA - Assessors Del Ram d&#039;Aigua, S.A.","description":" Sustainable textile finishing, from lab to scale","publisher":{"@id":"https:\/\/adrasa.itdo.dev\/es\/#organization"},"potentialAction":[{"@type":"SearchAction","target":{"@type":"EntryPoint","urlTemplate":"https:\/\/adrasa.itdo.dev\/es\/?s={search_term_string}"},"query-input":{"@type":"PropertyValueSpecification","valueRequired":true,"valueName":"search_term_string"}}],"inLanguage":"es"},{"@type":"Organization","@id":"https:\/\/adrasa.itdo.dev\/es\/#organization","name":"ADRASA - Assessors Del Ram d&#039;Aigua, S.A.","url":"https:\/\/adrasa.itdo.dev\/es\/","logo":{"@type":"ImageObject","inLanguage":"es","@id":"https:\/\/adrasa.itdo.dev\/es\/#\/schema\/logo\/image\/","url":"https:\/\/adrasa.itdo.dev\/wp-content\/uploads\/2025\/12\/logo_ADRASA_claim.webp","contentUrl":"https:\/\/adrasa.itdo.dev\/wp-content\/uploads\/2025\/12\/logo_ADRASA_claim.webp","width":578,"height":122,"caption":"ADRASA - Assessors Del Ram d&#039;Aigua, S.A."},"image":{"@id":"https:\/\/adrasa.itdo.dev\/es\/#\/schema\/logo\/image\/"}}]}},"_links":{"self":[{"href":"https:\/\/adrasa.itdo.dev\/es\/wp-json\/wp\/v2\/pages\/2215","targetHints":{"allow":["GET"]}}],"collection":[{"href":"https:\/\/adrasa.itdo.dev\/es\/wp-json\/wp\/v2\/pages"}],"about":[{"href":"https:\/\/adrasa.itdo.dev\/es\/wp-json\/wp\/v2\/types\/page"}],"replies":[{"embeddable":true,"href":"https:\/\/adrasa.itdo.dev\/es\/wp-json\/wp\/v2\/comments?post=2215"}],"version-history":[{"count":1,"href":"https:\/\/adrasa.itdo.dev\/es\/wp-json\/wp\/v2\/pages\/2215\/revisions"}],"predecessor-version":[{"id":2216,"href":"https:\/\/adrasa.itdo.dev\/es\/wp-json\/wp\/v2\/pages\/2215\/revisions\/2216"}],"up":[{"embeddable":true,"href":"https:\/\/adrasa.itdo.dev\/es\/wp-json\/wp\/v2\/pages\/2205"}],"wp:attachment":[{"href":"https:\/\/adrasa.itdo.dev\/es\/wp-json\/wp\/v2\/media?parent=2215"}],"curies":[{"name":"wp","href":"https:\/\/api.w.org\/{rel}","templated":true}]}}