{"id":2211,"date":"2026-04-08T20:11:09","date_gmt":"2026-04-08T18:11:09","guid":{"rendered":"https:\/\/adrasa.itdo.dev\/soluciones\/tintura\/"},"modified":"2026-04-08T20:11:12","modified_gmt":"2026-04-08T18:11:12","slug":"tintura","status":"publish","type":"page","link":"https:\/\/adrasa.itdo.dev\/es\/soluciones\/tintura\/","title":{"rendered":"Tintura"},"content":{"rendered":"\t\t<div data-elementor-type=\"wp-page\" data-elementor-id=\"2211\" class=\"elementor elementor-2211 elementor-2043\" data-elementor-post-type=\"page\">\n\t\t\t\t<div class=\"elementor-element elementor-element-eb54123 e-flex e-con-boxed e-con e-parent\" data-id=\"eb54123\" data-element_type=\"container\" data-settings=\"{&quot;background_background&quot;:&quot;classic&quot;}\">\n\t\t\t\t\t<div class=\"e-con-inner\">\n\t\t\t\t<div class=\"elementor-element elementor-element-3ad4d5b interior-industries elementor-widget elementor-widget-adrasa-hero\" data-id=\"3ad4d5b\" data-element_type=\"widget\" data-widget_type=\"adrasa-hero.default\">\n\t\t\t\t<div class=\"elementor-widget-container\">\n\t\t\t\t\t\t\t<section class=\"adrasa-hero adrasa-hero--left\">\n\t\t\t<div class=\"container\">\n\t\t\t\t<div class=\"adrasa-hero__grid\">\n\t\t\t\t\t<div class=\"adrasa-hero__block adrasa-hero__block--top\">\n\n\t\t\t\t\t\t\n\t\t\t\t\t\t\t\t\t<h1 class=\"adrasa-hero__title adrasa-hero__title--stacked\">\n\t\t\t\t\t\t\t<span class=\"adrasa-hero__title-line\"><span class=\"adrasa-hero__title-italic\">Tintura<\/span><\/span>\n\t\t\t\t\t\t<\/h1>\n\t\t\n\t\t\t\t\t\t\t\n\t\t\t\t\t\t\t\t\t\t\t\t\t\t\t<div class=\"adrasa-hero__desc-block\"><p>En ADRASA, la qu\u00edmica del te\u00f1ido se desarrolla para mejorar la acumulaci\u00f3n de color, la estabilidad del proceso y la reproducibilidad en fibras, tonos y realidades de f\u00e1brica. Ayudamos a los fabricantes a avanzar hacia procesos de color m\u00e1s seguros, inteligentes y eficientes.<\/p>\n<p>Al combinar la asistencia t\u00e9cnica con el dise\u00f1o de formulaci\u00f3n pr\u00e1ctica, apoyamos a las f\u00e1bricas que necesitan resultados consistentes sin sacrificar la eficiencia operativa.<\/p><\/div>\n\t\t\t\t\t\t\t\n\t\t\t\t\t\t\t\t\t\t\t\t\t\t\n\t\t\t\t\t\t\n\t\t\t\t\t<\/div>\n\n\t\t\t\t\t<div class=\"adrasa-hero__block adrasa-hero__block--bottom\"><\/div>\n\t\t\t\t<\/div>\n\t\t\t<\/div>\n\t\t<\/section>\n\t\t\t\t\t\t<\/div>\n\t\t\t\t<\/div>\n\t\t\t\t<div class=\"elementor-element elementor-element-08fc17b interior-industries elementor-widget elementor-widget-adrasa-two-column\" data-id=\"08fc17b\" data-element_type=\"widget\" data-widget_type=\"adrasa-two-column.default\">\n\t\t\t\t<div class=\"elementor-widget-container\">\n\t\t\t\t\t\t\t<section id=\"adrasa-two-col-08fc17b\" class=\"adrasa-two-col adrasa-two-col--single_card adrasa-two-col--variant-description\">\n\t\t\t<div class=\"container\">\n\t\t\t\t<div class=\"adrasa-two-col__grid\">\n\n\t\t\t\t\t<!-- LEFT -->\n\t\t\t\t\t<div class=\"adrasa-two-col__left\">\n\n\t\t\t\t\t\t\n\t\t\t\t\t\t\t<h2 class=\"adrasa-two-col__title\">\n\t\t\t\t\t\t\t\t<span class=\"adrasa-two-col__title-inner\"><span class=\"adrasa-two-col__title-regular\">Desaf\u00edos en el te\u00f1ido de textiles<\/span><\/span>\t\t\t\t\t\t\t<\/h2>\n\n\t\t\t\t\t\t\t\t\t\t\t\t\t\t\t<div class=\"adrasa-two-col__left-text\">\n\t\t\t\t\t\t\t\t\t<p>El rendimiento del te\u00f1ido depende de un control preciso de la dispersi\u00f3n, la nivelaci\u00f3n, el agotamiento, la fijaci\u00f3n y la acumulaci\u00f3n de color en condiciones de variabilidad de producci\u00f3n real.<\/p><p>Las f\u00e1bricas necesitan productos qu\u00edmicos que ayuden a reducir los ciclos de correcci\u00f3n, estabilizar el comportamiento del proceso y respaldar la calidad del primer paso incluso cuando los sustratos, la maquinaria o las condiciones operativas var\u00edan.<\/p>\t\t\t\t\t\t\t\t<\/div>\n\t\t\t\t\t\t\t\n\t\t\t\t\t\t\t\n\t\t\t\t\t\t\t\n\t\t\t\t\t\t\n\t\t\t\t\t<\/div>\n\n\t\t\t\t\t<!-- RIGHT -->\n\t\t\t\t\t<div class=\"adrasa-two-col__right\">\n\n\t\t\t\t\t\t\n\t\t\t\t\t\t\t<div class=\"adrasa-two-col__card\" style=\"--adrasa-card-bg: url('https:\/\/adrasa.itdo.dev\/wp-content\/uploads\/2026\/01\/glass-fashion-bg.png');\">\n\t\t\t\t\t\t\t\t<div class=\"adrasa-two-col__card-inner\">\n\t\t\t\t\t\t\t\t\t<div class=\"adrasa-two-col__card-body\">\n\n\t\t\t\t\t\t\t\t\t\t\t\t\t\t\t\t\t\t\t\t\t<div class=\"adrasa-two-col__right-title\">\n\t\t\t\t\t\t\t\t\t\t\t\t<span class=\"adrasa-two-col__right-title-inner\"><span class=\"adrasa-two-col__right-title-regular\">C\u00f3mo <\/span><span class=\"adrasa-two-col__right-title-italic\">ayuda<\/span><span class=\"adrasa-two-col__right-title-regular\"> ADRASA<\/span><\/span>\t\t\t\t\t\t\t\t\t\t\t<\/div>\n\t\t\t\t\t\t\t\t\t\t\n\t\t\t\t\t\t\t\t\t\t\n\t\t\t\t\t\t\t\t\t\t\t\t\t\t\t\t\t\t\t\t\t\t\t<div class=\"adrasa-two-col__card-desc\">\n\t\t\t\t\t\t\t\t\t\t\t\t\tFormulamos soluciones de te\u00f1ido que respaldan un procesamiento estable, tonos reproducibles y un uso m\u00e1s eficiente del tiempo, el agua y la energ\u00eda. ADRASA trabaja junto con las f\u00e1bricas para validar la qu\u00edmica que funciona de manera consistente desde la etapa de prueba hasta la producci\u00f3n.\t\t\t\t\t\t\t\t\t\t\t\t<\/div>\n\t\t\t\t\t\t\t\t\t\t\t\n\t\t\t\t\t\t\t\t\t\t\n\t\t\t\t\t\t\t\t\t<\/div><!-- \/.card-body -->\n\n\t\t\t\t\t\t\t\t\t\t\t\t\t\t\t\t\t<\/div><!-- \/.card-inner -->\n\t\t\t\t\t\t\t<\/div>\n\n\t\t\t\t\t\t\n\t\t\t\t\t<\/div>\n\t\t\t\t<\/div>\n\t\t\t<\/div>\n\t\t<\/section>\n\t\t\t\t\t\t<\/div>\n\t\t\t\t<\/div>\n\t\t\t\t\t<\/div>\n\t\t\t\t<\/div>\n\t\t<div class=\"elementor-element elementor-element-20c301da e-flex e-con-boxed e-con e-parent\" data-id=\"20c301da\" data-element_type=\"container\" data-settings=\"{&quot;background_background&quot;:&quot;classic&quot;}\">\n\t\t\t\t\t<div class=\"e-con-inner\">\n\t\t\t\t<div class=\"elementor-element elementor-element-6d0914e elementor-widget elementor-widget-adrasa-hero\" data-id=\"6d0914e\" data-element_type=\"widget\" data-widget_type=\"adrasa-hero.default\">\n\t\t\t\t<div class=\"elementor-widget-container\">\n\t\t\t\t\t\t\t<section class=\"adrasa-hero adrasa-hero--center\">\n\t\t\t<div class=\"container\">\n\t\t\t\t<div class=\"adrasa-hero__grid\">\n\t\t\t\t\t<div class=\"adrasa-hero__block adrasa-hero__block--top\">\n\n\t\t\t\t\t\t\n\t\t\t\t\t\t\t\t\t<h2 class=\"adrasa-hero__title adrasa-hero__title--stacked\">\n\t\t\t\t\t\t\t<span class=\"adrasa-hero__title-line\">Color con <span class=\"adrasa-hero__title-italic\">control<\/span><\/span>\n\t\t\t\t\t\t<\/h2>\n\t\t\n\t\t\t\t\t\t\t\n\t\t\t\t\t\t\t\t\t\t\t\t\t\t\t<div class=\"adrasa-hero__desc-block\"><p>Desde la formulaci\u00f3n hasta la validaci\u00f3n en la f\u00e1brica, ADRASA ayuda a los equipos textiles a convertir la qu\u00edmica del color en rendimiento, reproducibilidad y confianza medibles.<\/p><\/div>\n\t\t\t\t\t\t\t\n\t\t\t\t\t\t\t\t\t\t\t\t\t\t\t\t<div class=\"adrasa-hero__buttons\" aria-label=\"Calls to action\">\n\t\t\t\t\t\t\t\t\t\t\t<a href=\"\/contact\"\n\t\t\t\t\tclass=\"adrasa-hero__btn adrasa-hero__btn--tertiary\">\n\t\t\t\t\t<span class=\"adrasa-hero__btn-text\">Hable con NUESTROS expertos<\/span>\n\n\t\t\t\t\t\t\t\t\t\t\t<span class=\"adrasa-hero__btn-icon\" aria-hidden=\"true\">\n\t\t\t\t\t\t\t<img decoding=\"async\" src=\"https:\/\/adrasa.itdo.dev\/wp-content\/uploads\/2026\/01\/arrow-up-right-white.svg\" alt=\"\" \/>\n\t\t\t\t\t\t<\/span>\n\t\t\t\t\t\t\t\t\t<\/a>\n\t\t\t\t\t<\/div>\n\t\t\n\t\t\t\t\t\t\n\t\t\t\t\t<\/div>\n\n\t\t\t\t\t<div class=\"adrasa-hero__block adrasa-hero__block--bottom\"><\/div>\n\t\t\t\t<\/div>\n\t\t\t<\/div>\n\t\t<\/section>\n\t\t\t\t\t\t<\/div>\n\t\t\t\t<\/div>\n\t\t\t\t\t<\/div>\n\t\t\t\t<\/div>\n\t\t\t\t<\/div>\n\t\t","protected":false},"excerpt":{"rendered":"<p>Tintura En ADRASA, la qu\u00edmica del te\u00f1ido se desarrolla para mejorar la acumulaci\u00f3n de color, la estabilidad del proceso y la reproducibilidad en fibras, tonos y realidades de f\u00e1brica. Ayudamos a los fabricantes a avanzar hacia procesos de color m\u00e1s seguros, inteligentes y eficientes. Al combinar asistencia t\u00e9cnica con dise\u00f1o de formulaci\u00f3n pr\u00e1ctica, apoyamos a [&hellip;]<\/p>\n","protected":false},"author":0,"featured_media":0,"parent":2205,"menu_order":0,"comment_status":"closed","ping_status":"closed","template":"elementor_header_footer","meta":{"_acf_changed":false,"footnotes":""},"class_list":["post-2211","page","type-page","status-publish","hentry"],"acf":[],"yoast_head":"<!-- This site is optimized with the Yoast SEO plugin v26.5 - https:\/\/yoast.com\/wordpress\/plugins\/seo\/ -->\n<title>Tintura - ADRASA - Assessors Del Ram d&#039;Aigua, S.A.<\/title>\n<meta name=\"robots\" content=\"noindex, follow, max-snippet:-1, max-image-preview:large, max-video-preview:-1\" \/>\n<meta property=\"og:locale\" content=\"es_ES\" \/>\n<meta property=\"og:type\" content=\"article\" \/>\n<meta property=\"og:title\" content=\"Tintura - ADRASA - Assessors Del Ram d&#039;Aigua, S.A.\" \/>\n<meta property=\"og:description\" content=\"Tintura En ADRASA, la qu\u00edmica del te\u00f1ido se desarrolla para mejorar la acumulaci\u00f3n de color, la estabilidad del proceso y la reproducibilidad en fibras, tonos y realidades de f\u00e1brica. Ayudamos a los fabricantes a avanzar hacia procesos de color m\u00e1s seguros, inteligentes y eficientes. Al combinar asistencia t\u00e9cnica con dise\u00f1o de formulaci\u00f3n pr\u00e1ctica, apoyamos a [&hellip;]\" \/>\n<meta property=\"og:url\" content=\"https:\/\/adrasa.itdo.dev\/es\/soluciones\/tintura\/\" \/>\n<meta property=\"og:site_name\" content=\"ADRASA - Assessors Del Ram d&#039;Aigua, S.A.\" \/>\n<meta property=\"article:modified_time\" content=\"2026-04-08T18:11:12+00:00\" \/>\n<meta property=\"og:image\" content=\"https:\/\/adrasa.itdo.dev\/wp-content\/uploads\/2026\/01\/arrow-up-right-white.svg\" \/>\n<meta name=\"twitter:card\" content=\"summary_large_image\" \/>\n<meta name=\"twitter:label1\" content=\"Tiempo de lectura\" \/>\n\t<meta name=\"twitter:data1\" content=\"1 minuto\" \/>\n<script type=\"application\/ld+json\" class=\"yoast-schema-graph\">{\"@context\":\"https:\/\/schema.org\",\"@graph\":[{\"@type\":\"WebPage\",\"@id\":\"https:\/\/adrasa.itdo.dev\/es\/soluciones\/tintura\/\",\"url\":\"https:\/\/adrasa.itdo.dev\/es\/soluciones\/tintura\/\",\"name\":\"Tintura - ADRASA - Assessors Del Ram d&#039;Aigua, S.A.\",\"isPartOf\":{\"@id\":\"https:\/\/adrasa.itdo.dev\/es\/#website\"},\"primaryImageOfPage\":{\"@id\":\"https:\/\/adrasa.itdo.dev\/es\/soluciones\/tintura\/#primaryimage\"},\"image\":{\"@id\":\"https:\/\/adrasa.itdo.dev\/es\/soluciones\/tintura\/#primaryimage\"},\"thumbnailUrl\":\"https:\/\/adrasa.itdo.dev\/wp-content\/uploads\/2026\/01\/arrow-up-right-white.svg\",\"datePublished\":\"2026-04-08T18:11:09+00:00\",\"dateModified\":\"2026-04-08T18:11:12+00:00\",\"breadcrumb\":{\"@id\":\"https:\/\/adrasa.itdo.dev\/es\/soluciones\/tintura\/#breadcrumb\"},\"inLanguage\":\"es\",\"potentialAction\":[{\"@type\":\"ReadAction\",\"target\":[\"https:\/\/adrasa.itdo.dev\/es\/soluciones\/tintura\/\"]}]},{\"@type\":\"ImageObject\",\"inLanguage\":\"es\",\"@id\":\"https:\/\/adrasa.itdo.dev\/es\/soluciones\/tintura\/#primaryimage\",\"url\":\"https:\/\/adrasa.itdo.dev\/wp-content\/uploads\/2026\/01\/arrow-up-right-white.svg\",\"contentUrl\":\"https:\/\/adrasa.itdo.dev\/wp-content\/uploads\/2026\/01\/arrow-up-right-white.svg\"},{\"@type\":\"BreadcrumbList\",\"@id\":\"https:\/\/adrasa.itdo.dev\/es\/soluciones\/tintura\/#breadcrumb\",\"itemListElement\":[{\"@type\":\"ListItem\",\"position\":1,\"name\":\"Portada\",\"item\":\"https:\/\/adrasa.itdo.dev\/es\/\"},{\"@type\":\"ListItem\",\"position\":2,\"name\":\"Soluciones\",\"item\":\"https:\/\/adrasa.itdo.dev\/es\/soluciones\/\"},{\"@type\":\"ListItem\",\"position\":3,\"name\":\"Tintura\"}]},{\"@type\":\"WebSite\",\"@id\":\"https:\/\/adrasa.itdo.dev\/es\/#website\",\"url\":\"https:\/\/adrasa.itdo.dev\/es\/\",\"name\":\"ADRASA - Assessors Del Ram d&#039;Aigua, S.A.\",\"description\":\" Sustainable textile finishing, from lab to scale\",\"publisher\":{\"@id\":\"https:\/\/adrasa.itdo.dev\/es\/#organization\"},\"potentialAction\":[{\"@type\":\"SearchAction\",\"target\":{\"@type\":\"EntryPoint\",\"urlTemplate\":\"https:\/\/adrasa.itdo.dev\/es\/?s={search_term_string}\"},\"query-input\":{\"@type\":\"PropertyValueSpecification\",\"valueRequired\":true,\"valueName\":\"search_term_string\"}}],\"inLanguage\":\"es\"},{\"@type\":\"Organization\",\"@id\":\"https:\/\/adrasa.itdo.dev\/es\/#organization\",\"name\":\"ADRASA - Assessors Del Ram d&#039;Aigua, S.A.\",\"url\":\"https:\/\/adrasa.itdo.dev\/es\/\",\"logo\":{\"@type\":\"ImageObject\",\"inLanguage\":\"es\",\"@id\":\"https:\/\/adrasa.itdo.dev\/es\/#\/schema\/logo\/image\/\",\"url\":\"https:\/\/adrasa.itdo.dev\/wp-content\/uploads\/2025\/12\/logo_ADRASA_claim.webp\",\"contentUrl\":\"https:\/\/adrasa.itdo.dev\/wp-content\/uploads\/2025\/12\/logo_ADRASA_claim.webp\",\"width\":578,\"height\":122,\"caption\":\"ADRASA - Assessors Del Ram d&#039;Aigua, S.A.\"},\"image\":{\"@id\":\"https:\/\/adrasa.itdo.dev\/es\/#\/schema\/logo\/image\/\"}}]}<\/script>\n<!-- \/ Yoast SEO plugin. -->","yoast_head_json":{"title":"Tintura - ADRASA - Assessors Del Ram d&#039;Aigua, S.A.","robots":{"index":"noindex","follow":"follow","max-snippet":"max-snippet:-1","max-image-preview":"max-image-preview:large","max-video-preview":"max-video-preview:-1"},"og_locale":"es_ES","og_type":"article","og_title":"Tintura - ADRASA - Assessors Del Ram d&#039;Aigua, S.A.","og_description":"Tintura En ADRASA, la qu\u00edmica del te\u00f1ido se desarrolla para mejorar la acumulaci\u00f3n de color, la estabilidad del proceso y la reproducibilidad en fibras, tonos y realidades de f\u00e1brica. Ayudamos a los fabricantes a avanzar hacia procesos de color m\u00e1s seguros, inteligentes y eficientes. Al combinar asistencia t\u00e9cnica con dise\u00f1o de formulaci\u00f3n pr\u00e1ctica, apoyamos a [&hellip;]","og_url":"https:\/\/adrasa.itdo.dev\/es\/soluciones\/tintura\/","og_site_name":"ADRASA - Assessors Del Ram d&#039;Aigua, S.A.","article_modified_time":"2026-04-08T18:11:12+00:00","og_image":[{"url":"https:\/\/adrasa.itdo.dev\/wp-content\/uploads\/2026\/01\/arrow-up-right-white.svg","type":"","width":"","height":""}],"twitter_card":"summary_large_image","twitter_misc":{"Tiempo de lectura":"1 minuto"},"schema":{"@context":"https:\/\/schema.org","@graph":[{"@type":"WebPage","@id":"https:\/\/adrasa.itdo.dev\/es\/soluciones\/tintura\/","url":"https:\/\/adrasa.itdo.dev\/es\/soluciones\/tintura\/","name":"Tintura - ADRASA - Assessors Del Ram d&#039;Aigua, S.A.","isPartOf":{"@id":"https:\/\/adrasa.itdo.dev\/es\/#website"},"primaryImageOfPage":{"@id":"https:\/\/adrasa.itdo.dev\/es\/soluciones\/tintura\/#primaryimage"},"image":{"@id":"https:\/\/adrasa.itdo.dev\/es\/soluciones\/tintura\/#primaryimage"},"thumbnailUrl":"https:\/\/adrasa.itdo.dev\/wp-content\/uploads\/2026\/01\/arrow-up-right-white.svg","datePublished":"2026-04-08T18:11:09+00:00","dateModified":"2026-04-08T18:11:12+00:00","breadcrumb":{"@id":"https:\/\/adrasa.itdo.dev\/es\/soluciones\/tintura\/#breadcrumb"},"inLanguage":"es","potentialAction":[{"@type":"ReadAction","target":["https:\/\/adrasa.itdo.dev\/es\/soluciones\/tintura\/"]}]},{"@type":"ImageObject","inLanguage":"es","@id":"https:\/\/adrasa.itdo.dev\/es\/soluciones\/tintura\/#primaryimage","url":"https:\/\/adrasa.itdo.dev\/wp-content\/uploads\/2026\/01\/arrow-up-right-white.svg","contentUrl":"https:\/\/adrasa.itdo.dev\/wp-content\/uploads\/2026\/01\/arrow-up-right-white.svg"},{"@type":"BreadcrumbList","@id":"https:\/\/adrasa.itdo.dev\/es\/soluciones\/tintura\/#breadcrumb","itemListElement":[{"@type":"ListItem","position":1,"name":"Portada","item":"https:\/\/adrasa.itdo.dev\/es\/"},{"@type":"ListItem","position":2,"name":"Soluciones","item":"https:\/\/adrasa.itdo.dev\/es\/soluciones\/"},{"@type":"ListItem","position":3,"name":"Tintura"}]},{"@type":"WebSite","@id":"https:\/\/adrasa.itdo.dev\/es\/#website","url":"https:\/\/adrasa.itdo.dev\/es\/","name":"ADRASA - Assessors Del Ram d&#039;Aigua, S.A.","description":" Sustainable textile finishing, from lab to scale","publisher":{"@id":"https:\/\/adrasa.itdo.dev\/es\/#organization"},"potentialAction":[{"@type":"SearchAction","target":{"@type":"EntryPoint","urlTemplate":"https:\/\/adrasa.itdo.dev\/es\/?s={search_term_string}"},"query-input":{"@type":"PropertyValueSpecification","valueRequired":true,"valueName":"search_term_string"}}],"inLanguage":"es"},{"@type":"Organization","@id":"https:\/\/adrasa.itdo.dev\/es\/#organization","name":"ADRASA - Assessors Del Ram d&#039;Aigua, S.A.","url":"https:\/\/adrasa.itdo.dev\/es\/","logo":{"@type":"ImageObject","inLanguage":"es","@id":"https:\/\/adrasa.itdo.dev\/es\/#\/schema\/logo\/image\/","url":"https:\/\/adrasa.itdo.dev\/wp-content\/uploads\/2025\/12\/logo_ADRASA_claim.webp","contentUrl":"https:\/\/adrasa.itdo.dev\/wp-content\/uploads\/2025\/12\/logo_ADRASA_claim.webp","width":578,"height":122,"caption":"ADRASA - Assessors Del Ram d&#039;Aigua, S.A."},"image":{"@id":"https:\/\/adrasa.itdo.dev\/es\/#\/schema\/logo\/image\/"}}]}},"_links":{"self":[{"href":"https:\/\/adrasa.itdo.dev\/es\/wp-json\/wp\/v2\/pages\/2211","targetHints":{"allow":["GET"]}}],"collection":[{"href":"https:\/\/adrasa.itdo.dev\/es\/wp-json\/wp\/v2\/pages"}],"about":[{"href":"https:\/\/adrasa.itdo.dev\/es\/wp-json\/wp\/v2\/types\/page"}],"replies":[{"embeddable":true,"href":"https:\/\/adrasa.itdo.dev\/es\/wp-json\/wp\/v2\/comments?post=2211"}],"version-history":[{"count":1,"href":"https:\/\/adrasa.itdo.dev\/es\/wp-json\/wp\/v2\/pages\/2211\/revisions"}],"predecessor-version":[{"id":2212,"href":"https:\/\/adrasa.itdo.dev\/es\/wp-json\/wp\/v2\/pages\/2211\/revisions\/2212"}],"up":[{"embeddable":true,"href":"https:\/\/adrasa.itdo.dev\/es\/wp-json\/wp\/v2\/pages\/2205"}],"wp:attachment":[{"href":"https:\/\/adrasa.itdo.dev\/es\/wp-json\/wp\/v2\/media?parent=2211"}],"curies":[{"name":"wp","href":"https:\/\/api.w.org\/{rel}","templated":true}]}}